{"id":4709,"date":"2025-08-05T13:53:14","date_gmt":"2025-08-05T11:53:14","guid":{"rendered":"https:\/\/perfecta.nl\/aksesuarlar\/"},"modified":"2025-08-05T14:32:45","modified_gmt":"2025-08-05T12:32:45","slug":"aksesuarlar","status":"publish","type":"page","link":"https:\/\/perfecta.nl\/tr\/aksesuarlar\/","title":{"rendered":"Aksesuarlar"},"content":{"rendered":"","protected":false},"excerpt":{"rendered":"","protected":false},"author":1,"featured_media":0,"parent":0,"menu_order":0,"comment_status":"closed","ping_status":"closed","template":"template-parts\/modules.php","meta":{"_acf_changed":false,"inline_featured_image":false,"footnotes":""},"class_list":["post-4709","page","type-page","status-publish","hentry"],"acf":[],"yoast_head":"<!-- This site is optimized with the Yoast SEO plugin v27.2 - https:\/\/yoast.com\/product\/yoast-seo-wordpress\/ -->\n<title>Aksesuarlar | Perfecta | Profesyonel frit\u00f6zler<\/title>\n<meta name=\"description\" content=\"Perfecta Frit\u00f6z\u00fcn\u00fcz i\u00e7in aksesuarlar\u0131 ke\u015ffedin. T\u00fcm aksesuarlar hakk\u0131nda fikir edinmek i\u00e7in \u00e7izime t\u0131klay\u0131n!\" \/>\n<meta name=\"robots\" content=\"index, follow, max-snippet:-1, max-image-preview:large, max-video-preview:-1\" \/>\n<link rel=\"canonical\" href=\"https:\/\/perfecta.nl\/tr\/aksesuarlar\/\" \/>\n<meta property=\"og:locale\" content=\"tr_TR\" \/>\n<meta property=\"og:type\" content=\"article\" \/>\n<meta property=\"og:title\" content=\"Aksesuarlar | Perfecta | Profesyonel frit\u00f6zler\" \/>\n<meta property=\"og:description\" content=\"Perfecta Frit\u00f6z\u00fcn\u00fcz i\u00e7in aksesuarlar\u0131 ke\u015ffedin. T\u00fcm aksesuarlar hakk\u0131nda fikir edinmek i\u00e7in \u00e7izime t\u0131klay\u0131n!\" \/>\n<meta property=\"og:url\" content=\"https:\/\/perfecta.nl\/tr\/aksesuarlar\/\" \/>\n<meta property=\"og:site_name\" content=\"Perfecta\" \/>\n<meta property=\"article:modified_time\" content=\"2025-08-05T12:32:45+00:00\" \/>\n<meta name=\"twitter:card\" content=\"summary_large_image\" \/>\n<meta name=\"twitter:label1\" content=\"Tahmini okuma s\u00fcresi\" \/>\n\t<meta name=\"twitter:data1\" content=\"2 dakika\" \/>\n<script type=\"application\/ld+json\" class=\"yoast-schema-graph\">{\"@context\":\"https:\/\/schema.org\",\"@graph\":[{\"@type\":\"WebPage\",\"@id\":\"https:\/\/perfecta.nl\/tr\/aksesuarlar\/\",\"url\":\"https:\/\/perfecta.nl\/tr\/aksesuarlar\/\",\"name\":\"Aksesuarlar | Perfecta | Profesyonel frit\u00f6zler\",\"isPartOf\":{\"@id\":\"https:\/\/perfecta.nl\/tr\/#website\"},\"datePublished\":\"2025-08-05T11:53:14+00:00\",\"dateModified\":\"2025-08-05T12:32:45+00:00\",\"description\":\"Perfecta Frit\u00f6z\u00fcn\u00fcz i\u00e7in aksesuarlar\u0131 ke\u015ffedin. T\u00fcm aksesuarlar hakk\u0131nda fikir edinmek i\u00e7in \u00e7izime t\u0131klay\u0131n!\",\"breadcrumb\":{\"@id\":\"https:\/\/perfecta.nl\/tr\/aksesuarlar\/#breadcrumb\"},\"inLanguage\":\"tr\",\"potentialAction\":[{\"@type\":\"ReadAction\",\"target\":[\"https:\/\/perfecta.nl\/tr\/aksesuarlar\/\"]}]},{\"@type\":\"BreadcrumbList\",\"@id\":\"https:\/\/perfecta.nl\/tr\/aksesuarlar\/#breadcrumb\",\"itemListElement\":[{\"@type\":\"ListItem\",\"position\":1,\"name\":\"Home\",\"item\":\"https:\/\/perfecta.nl\/tr\/\"},{\"@type\":\"ListItem\",\"position\":2,\"name\":\"Aksesuarlar\"}]},{\"@type\":\"WebSite\",\"@id\":\"https:\/\/perfecta.nl\/tr\/#website\",\"url\":\"https:\/\/perfecta.nl\/tr\/\",\"name\":\"Perfecta\",\"description\":\"Bakwanden en frituurinstallaties\",\"publisher\":{\"@id\":\"https:\/\/perfecta.nl\/tr\/#organization\"},\"potentialAction\":[{\"@type\":\"SearchAction\",\"target\":{\"@type\":\"EntryPoint\",\"urlTemplate\":\"https:\/\/perfecta.nl\/tr\/?s={search_term_string}\"},\"query-input\":{\"@type\":\"PropertyValueSpecification\",\"valueRequired\":true,\"valueName\":\"search_term_string\"}}],\"inLanguage\":\"tr\"},{\"@type\":\"Organization\",\"@id\":\"https:\/\/perfecta.nl\/tr\/#organization\",\"name\":\"Perfecta\",\"url\":\"https:\/\/perfecta.nl\/tr\/\",\"logo\":{\"@type\":\"ImageObject\",\"inLanguage\":\"tr\",\"@id\":\"https:\/\/perfecta.nl\/tr\/#\/schema\/logo\/image\/\",\"url\":\"https:\/\/perfecta.nl\/wp-content\/uploads\/2021\/03\/perfecta-logo.png\",\"contentUrl\":\"https:\/\/perfecta.nl\/wp-content\/uploads\/2021\/03\/perfecta-logo.png\",\"width\":449,\"height\":303,\"caption\":\"Perfecta\"},\"image\":{\"@id\":\"https:\/\/perfecta.nl\/tr\/#\/schema\/logo\/image\/\"}}]}<\/script>\n<!-- \/ Yoast SEO plugin. -->","yoast_head_json":{"title":"Aksesuarlar | Perfecta | Profesyonel frit\u00f6zler","description":"Perfecta Frit\u00f6z\u00fcn\u00fcz i\u00e7in aksesuarlar\u0131 ke\u015ffedin. T\u00fcm aksesuarlar hakk\u0131nda fikir edinmek i\u00e7in \u00e7izime t\u0131klay\u0131n!","robots":{"index":"index","follow":"follow","max-snippet":"max-snippet:-1","max-image-preview":"max-image-preview:large","max-video-preview":"max-video-preview:-1"},"canonical":"https:\/\/perfecta.nl\/tr\/aksesuarlar\/","og_locale":"tr_TR","og_type":"article","og_title":"Aksesuarlar | Perfecta | Profesyonel frit\u00f6zler","og_description":"Perfecta Frit\u00f6z\u00fcn\u00fcz i\u00e7in aksesuarlar\u0131 ke\u015ffedin. T\u00fcm aksesuarlar hakk\u0131nda fikir edinmek i\u00e7in \u00e7izime t\u0131klay\u0131n!","og_url":"https:\/\/perfecta.nl\/tr\/aksesuarlar\/","og_site_name":"Perfecta","article_modified_time":"2025-08-05T12:32:45+00:00","twitter_card":"summary_large_image","twitter_misc":{"Tahmini okuma s\u00fcresi":"2 dakika"},"schema":{"@context":"https:\/\/schema.org","@graph":[{"@type":"WebPage","@id":"https:\/\/perfecta.nl\/tr\/aksesuarlar\/","url":"https:\/\/perfecta.nl\/tr\/aksesuarlar\/","name":"Aksesuarlar | Perfecta | Profesyonel frit\u00f6zler","isPartOf":{"@id":"https:\/\/perfecta.nl\/tr\/#website"},"datePublished":"2025-08-05T11:53:14+00:00","dateModified":"2025-08-05T12:32:45+00:00","description":"Perfecta Frit\u00f6z\u00fcn\u00fcz i\u00e7in aksesuarlar\u0131 ke\u015ffedin. T\u00fcm aksesuarlar hakk\u0131nda fikir edinmek i\u00e7in \u00e7izime t\u0131klay\u0131n!","breadcrumb":{"@id":"https:\/\/perfecta.nl\/tr\/aksesuarlar\/#breadcrumb"},"inLanguage":"tr","potentialAction":[{"@type":"ReadAction","target":["https:\/\/perfecta.nl\/tr\/aksesuarlar\/"]}]},{"@type":"BreadcrumbList","@id":"https:\/\/perfecta.nl\/tr\/aksesuarlar\/#breadcrumb","itemListElement":[{"@type":"ListItem","position":1,"name":"Home","item":"https:\/\/perfecta.nl\/tr\/"},{"@type":"ListItem","position":2,"name":"Aksesuarlar"}]},{"@type":"WebSite","@id":"https:\/\/perfecta.nl\/tr\/#website","url":"https:\/\/perfecta.nl\/tr\/","name":"Perfecta","description":"Bakwanden en frituurinstallaties","publisher":{"@id":"https:\/\/perfecta.nl\/tr\/#organization"},"potentialAction":[{"@type":"SearchAction","target":{"@type":"EntryPoint","urlTemplate":"https:\/\/perfecta.nl\/tr\/?s={search_term_string}"},"query-input":{"@type":"PropertyValueSpecification","valueRequired":true,"valueName":"search_term_string"}}],"inLanguage":"tr"},{"@type":"Organization","@id":"https:\/\/perfecta.nl\/tr\/#organization","name":"Perfecta","url":"https:\/\/perfecta.nl\/tr\/","logo":{"@type":"ImageObject","inLanguage":"tr","@id":"https:\/\/perfecta.nl\/tr\/#\/schema\/logo\/image\/","url":"https:\/\/perfecta.nl\/wp-content\/uploads\/2021\/03\/perfecta-logo.png","contentUrl":"https:\/\/perfecta.nl\/wp-content\/uploads\/2021\/03\/perfecta-logo.png","width":449,"height":303,"caption":"Perfecta"},"image":{"@id":"https:\/\/perfecta.nl\/tr\/#\/schema\/logo\/image\/"}}]}},"_links":{"self":[{"href":"https:\/\/perfecta.nl\/tr\/wp-json\/wp\/v2\/pages\/4709","targetHints":{"allow":["GET"]}}],"collection":[{"href":"https:\/\/perfecta.nl\/tr\/wp-json\/wp\/v2\/pages"}],"about":[{"href":"https:\/\/perfecta.nl\/tr\/wp-json\/wp\/v2\/types\/page"}],"author":[{"embeddable":true,"href":"https:\/\/perfecta.nl\/tr\/wp-json\/wp\/v2\/users\/1"}],"replies":[{"embeddable":true,"href":"https:\/\/perfecta.nl\/tr\/wp-json\/wp\/v2\/comments?post=4709"}],"version-history":[{"count":0,"href":"https:\/\/perfecta.nl\/tr\/wp-json\/wp\/v2\/pages\/4709\/revisions"}],"wp:attachment":[{"href":"https:\/\/perfecta.nl\/tr\/wp-json\/wp\/v2\/media?parent=4709"}],"curies":[{"name":"wp","href":"https:\/\/api.w.org\/{rel}","templated":true}]}}