{"id":4705,"date":"2025-08-05T13:53:06","date_gmt":"2025-08-05T11:53:06","guid":{"rendered":"https:\/\/perfecta.nl\/orta-dogu\/"},"modified":"2025-08-05T13:53:21","modified_gmt":"2025-08-05T11:53:21","slug":"orta-dogu","status":"publish","type":"page","link":"https:\/\/perfecta.nl\/tr\/orta-dogu\/","title":{"rendered":"Orta Do\u011fu"},"content":{"rendered":"","protected":false},"excerpt":{"rendered":"","protected":false},"author":4,"featured_media":0,"parent":0,"menu_order":0,"comment_status":"closed","ping_status":"closed","template":"template-parts\/modules.php","meta":{"_acf_changed":false,"inline_featured_image":false,"footnotes":""},"class_list":["post-4705","page","type-page","status-publish","hentry"],"acf":[],"yoast_head":"<!-- This site is optimized with the Yoast SEO plugin v27.2 - https:\/\/yoast.com\/product\/yoast-seo-wordpress\/ -->\n<title>Orta Do\u011fu | K\u0131zartma Tesisatlar\u0131 | Perfecta<\/title>\n<meta name=\"description\" content=\"Perfecta 1942 y\u0131l\u0131nda kurulmu\u015ftur ve bu nedenle Avrupa&#039;n\u0131n en eski k\u0131zartma serisi markas\u0131d\u0131r. Orta Do\u011fu&#039;daki Perfecta hakk\u0131nda daha fazlas\u0131n\u0131 buradan okuyabilirsiniz.\" \/>\n<meta name=\"robots\" content=\"index, follow, max-snippet:-1, max-image-preview:large, max-video-preview:-1\" \/>\n<link rel=\"canonical\" href=\"https:\/\/perfecta.nl\/tr\/orta-dogu\/\" \/>\n<meta property=\"og:locale\" content=\"tr_TR\" \/>\n<meta property=\"og:type\" content=\"article\" \/>\n<meta property=\"og:title\" content=\"Orta Do\u011fu | K\u0131zartma Tesisatlar\u0131 | Perfecta\" \/>\n<meta property=\"og:description\" content=\"Perfecta 1942 y\u0131l\u0131nda kurulmu\u015ftur ve bu nedenle Avrupa&#039;n\u0131n en eski k\u0131zartma serisi markas\u0131d\u0131r. Orta Do\u011fu&#039;daki Perfecta hakk\u0131nda daha fazlas\u0131n\u0131 buradan okuyabilirsiniz.\" \/>\n<meta property=\"og:url\" content=\"https:\/\/perfecta.nl\/tr\/orta-dogu\/\" \/>\n<meta property=\"og:site_name\" content=\"Perfecta\" \/>\n<meta property=\"article:modified_time\" content=\"2025-08-05T11:53:21+00:00\" \/>\n<meta name=\"twitter:card\" content=\"summary_large_image\" \/>\n<script type=\"application\/ld+json\" class=\"yoast-schema-graph\">{\"@context\":\"https:\/\/schema.org\",\"@graph\":[{\"@type\":\"WebPage\",\"@id\":\"https:\/\/perfecta.nl\/tr\/orta-dogu\/\",\"url\":\"https:\/\/perfecta.nl\/tr\/orta-dogu\/\",\"name\":\"Orta Do\u011fu | K\u0131zartma Tesisatlar\u0131 | Perfecta\",\"isPartOf\":{\"@id\":\"https:\/\/perfecta.nl\/tr\/#website\"},\"datePublished\":\"2025-08-05T11:53:06+00:00\",\"dateModified\":\"2025-08-05T11:53:21+00:00\",\"description\":\"Perfecta 1942 y\u0131l\u0131nda kurulmu\u015ftur ve bu nedenle Avrupa'n\u0131n en eski k\u0131zartma serisi markas\u0131d\u0131r. Orta Do\u011fu'daki Perfecta hakk\u0131nda daha fazlas\u0131n\u0131 buradan okuyabilirsiniz.\",\"breadcrumb\":{\"@id\":\"https:\/\/perfecta.nl\/tr\/orta-dogu\/#breadcrumb\"},\"inLanguage\":\"tr\",\"potentialAction\":[{\"@type\":\"ReadAction\",\"target\":[\"https:\/\/perfecta.nl\/tr\/orta-dogu\/\"]}]},{\"@type\":\"BreadcrumbList\",\"@id\":\"https:\/\/perfecta.nl\/tr\/orta-dogu\/#breadcrumb\",\"itemListElement\":[{\"@type\":\"ListItem\",\"position\":1,\"name\":\"Home\",\"item\":\"https:\/\/perfecta.nl\/tr\/\"},{\"@type\":\"ListItem\",\"position\":2,\"name\":\"Orta Do\u011fu\"}]},{\"@type\":\"WebSite\",\"@id\":\"https:\/\/perfecta.nl\/tr\/#website\",\"url\":\"https:\/\/perfecta.nl\/tr\/\",\"name\":\"Perfecta\",\"description\":\"Bakwanden en frituurinstallaties\",\"publisher\":{\"@id\":\"https:\/\/perfecta.nl\/tr\/#organization\"},\"potentialAction\":[{\"@type\":\"SearchAction\",\"target\":{\"@type\":\"EntryPoint\",\"urlTemplate\":\"https:\/\/perfecta.nl\/tr\/?s={search_term_string}\"},\"query-input\":{\"@type\":\"PropertyValueSpecification\",\"valueRequired\":true,\"valueName\":\"search_term_string\"}}],\"inLanguage\":\"tr\"},{\"@type\":\"Organization\",\"@id\":\"https:\/\/perfecta.nl\/tr\/#organization\",\"name\":\"Perfecta\",\"url\":\"https:\/\/perfecta.nl\/tr\/\",\"logo\":{\"@type\":\"ImageObject\",\"inLanguage\":\"tr\",\"@id\":\"https:\/\/perfecta.nl\/tr\/#\/schema\/logo\/image\/\",\"url\":\"https:\/\/perfecta.nl\/wp-content\/uploads\/2021\/03\/perfecta-logo.png\",\"contentUrl\":\"https:\/\/perfecta.nl\/wp-content\/uploads\/2021\/03\/perfecta-logo.png\",\"width\":449,\"height\":303,\"caption\":\"Perfecta\"},\"image\":{\"@id\":\"https:\/\/perfecta.nl\/tr\/#\/schema\/logo\/image\/\"}}]}<\/script>\n<!-- \/ Yoast SEO plugin. -->","yoast_head_json":{"title":"Orta Do\u011fu | K\u0131zartma Tesisatlar\u0131 | Perfecta","description":"Perfecta 1942 y\u0131l\u0131nda kurulmu\u015ftur ve bu nedenle Avrupa'n\u0131n en eski k\u0131zartma serisi markas\u0131d\u0131r. Orta Do\u011fu'daki Perfecta hakk\u0131nda daha fazlas\u0131n\u0131 buradan okuyabilirsiniz.","robots":{"index":"index","follow":"follow","max-snippet":"max-snippet:-1","max-image-preview":"max-image-preview:large","max-video-preview":"max-video-preview:-1"},"canonical":"https:\/\/perfecta.nl\/tr\/orta-dogu\/","og_locale":"tr_TR","og_type":"article","og_title":"Orta Do\u011fu | K\u0131zartma Tesisatlar\u0131 | Perfecta","og_description":"Perfecta 1942 y\u0131l\u0131nda kurulmu\u015ftur ve bu nedenle Avrupa'n\u0131n en eski k\u0131zartma serisi markas\u0131d\u0131r. Orta Do\u011fu'daki Perfecta hakk\u0131nda daha fazlas\u0131n\u0131 buradan okuyabilirsiniz.","og_url":"https:\/\/perfecta.nl\/tr\/orta-dogu\/","og_site_name":"Perfecta","article_modified_time":"2025-08-05T11:53:21+00:00","twitter_card":"summary_large_image","schema":{"@context":"https:\/\/schema.org","@graph":[{"@type":"WebPage","@id":"https:\/\/perfecta.nl\/tr\/orta-dogu\/","url":"https:\/\/perfecta.nl\/tr\/orta-dogu\/","name":"Orta Do\u011fu | K\u0131zartma Tesisatlar\u0131 | Perfecta","isPartOf":{"@id":"https:\/\/perfecta.nl\/tr\/#website"},"datePublished":"2025-08-05T11:53:06+00:00","dateModified":"2025-08-05T11:53:21+00:00","description":"Perfecta 1942 y\u0131l\u0131nda kurulmu\u015ftur ve bu nedenle Avrupa'n\u0131n en eski k\u0131zartma serisi markas\u0131d\u0131r. Orta Do\u011fu'daki Perfecta hakk\u0131nda daha fazlas\u0131n\u0131 buradan okuyabilirsiniz.","breadcrumb":{"@id":"https:\/\/perfecta.nl\/tr\/orta-dogu\/#breadcrumb"},"inLanguage":"tr","potentialAction":[{"@type":"ReadAction","target":["https:\/\/perfecta.nl\/tr\/orta-dogu\/"]}]},{"@type":"BreadcrumbList","@id":"https:\/\/perfecta.nl\/tr\/orta-dogu\/#breadcrumb","itemListElement":[{"@type":"ListItem","position":1,"name":"Home","item":"https:\/\/perfecta.nl\/tr\/"},{"@type":"ListItem","position":2,"name":"Orta Do\u011fu"}]},{"@type":"WebSite","@id":"https:\/\/perfecta.nl\/tr\/#website","url":"https:\/\/perfecta.nl\/tr\/","name":"Perfecta","description":"Bakwanden en frituurinstallaties","publisher":{"@id":"https:\/\/perfecta.nl\/tr\/#organization"},"potentialAction":[{"@type":"SearchAction","target":{"@type":"EntryPoint","urlTemplate":"https:\/\/perfecta.nl\/tr\/?s={search_term_string}"},"query-input":{"@type":"PropertyValueSpecification","valueRequired":true,"valueName":"search_term_string"}}],"inLanguage":"tr"},{"@type":"Organization","@id":"https:\/\/perfecta.nl\/tr\/#organization","name":"Perfecta","url":"https:\/\/perfecta.nl\/tr\/","logo":{"@type":"ImageObject","inLanguage":"tr","@id":"https:\/\/perfecta.nl\/tr\/#\/schema\/logo\/image\/","url":"https:\/\/perfecta.nl\/wp-content\/uploads\/2021\/03\/perfecta-logo.png","contentUrl":"https:\/\/perfecta.nl\/wp-content\/uploads\/2021\/03\/perfecta-logo.png","width":449,"height":303,"caption":"Perfecta"},"image":{"@id":"https:\/\/perfecta.nl\/tr\/#\/schema\/logo\/image\/"}}]}},"_links":{"self":[{"href":"https:\/\/perfecta.nl\/tr\/wp-json\/wp\/v2\/pages\/4705","targetHints":{"allow":["GET"]}}],"collection":[{"href":"https:\/\/perfecta.nl\/tr\/wp-json\/wp\/v2\/pages"}],"about":[{"href":"https:\/\/perfecta.nl\/tr\/wp-json\/wp\/v2\/types\/page"}],"author":[{"embeddable":true,"href":"https:\/\/perfecta.nl\/tr\/wp-json\/wp\/v2\/users\/4"}],"replies":[{"embeddable":true,"href":"https:\/\/perfecta.nl\/tr\/wp-json\/wp\/v2\/comments?post=4705"}],"version-history":[{"count":0,"href":"https:\/\/perfecta.nl\/tr\/wp-json\/wp\/v2\/pages\/4705\/revisions"}],"wp:attachment":[{"href":"https:\/\/perfecta.nl\/tr\/wp-json\/wp\/v2\/media?parent=4705"}],"curies":[{"name":"wp","href":"https:\/\/api.w.org\/{rel}","templated":true}]}}