{"id":4698,"date":"2025-08-05T13:53:01","date_gmt":"2025-08-05T11:53:01","guid":{"rendered":"https:\/\/perfecta.nl\/perfecta-transfer\/"},"modified":"2025-08-05T14:45:33","modified_gmt":"2025-08-05T12:45:33","slug":"perfecta-transfer","status":"publish","type":"page","link":"https:\/\/perfecta.nl\/tr\/perfecta-transfer\/","title":{"rendered":"Perfecta Transfer"},"content":{"rendered":"","protected":false},"excerpt":{"rendered":"","protected":false},"author":1,"featured_media":0,"parent":0,"menu_order":0,"comment_status":"closed","ping_status":"closed","template":"template-parts\/modules.php","meta":{"_acf_changed":false,"inline_featured_image":false,"footnotes":""},"class_list":["post-4698","page","type-page","status-publish","hentry"],"acf":[],"yoast_head":"<!-- This site is optimized with the Yoast SEO plugin v27.2 - https:\/\/yoast.com\/product\/yoast-seo-wordpress\/ -->\n<title>Perfecta Transfer | Modeller | Profesyonel Frit\u00f6z<\/title>\n<meta name=\"description\" content=\"Perfecta Transfer k\u0131zartma kurulumu en y\u00fcksek kaliteyi temsil eder. Kompakt hatlar\u0131 \u015f\u0131k ve g\u00fc\u00e7l\u00fc bir g\u00f6r\u00fcn\u00fcm olu\u015fturur.\" \/>\n<meta name=\"robots\" content=\"index, follow, max-snippet:-1, max-image-preview:large, max-video-preview:-1\" \/>\n<link rel=\"canonical\" href=\"https:\/\/perfecta.nl\/tr\/perfecta-transfer\/\" \/>\n<meta property=\"og:locale\" content=\"tr_TR\" \/>\n<meta property=\"og:type\" content=\"article\" \/>\n<meta property=\"og:title\" content=\"Perfecta Transfer | Modeller | Profesyonel Frit\u00f6z\" \/>\n<meta property=\"og:description\" content=\"Perfecta Transfer k\u0131zartma kurulumu en y\u00fcksek kaliteyi temsil eder. Kompakt hatlar\u0131 \u015f\u0131k ve g\u00fc\u00e7l\u00fc bir g\u00f6r\u00fcn\u00fcm olu\u015fturur.\" \/>\n<meta property=\"og:url\" content=\"https:\/\/perfecta.nl\/tr\/perfecta-transfer\/\" \/>\n<meta property=\"og:site_name\" content=\"Perfecta\" \/>\n<meta property=\"article:modified_time\" content=\"2025-08-05T12:45:33+00:00\" \/>\n<meta name=\"twitter:card\" content=\"summary_large_image\" \/>\n<meta name=\"twitter:label1\" content=\"Tahmini okuma s\u00fcresi\" \/>\n\t<meta name=\"twitter:data1\" content=\"3 dakika\" \/>\n<script type=\"application\/ld+json\" class=\"yoast-schema-graph\">{\"@context\":\"https:\/\/schema.org\",\"@graph\":[{\"@type\":\"WebPage\",\"@id\":\"https:\/\/perfecta.nl\/tr\/perfecta-transfer\/\",\"url\":\"https:\/\/perfecta.nl\/tr\/perfecta-transfer\/\",\"name\":\"Perfecta Transfer | Modeller | Profesyonel Frit\u00f6z\",\"isPartOf\":{\"@id\":\"https:\/\/perfecta.nl\/tr\/#website\"},\"datePublished\":\"2025-08-05T11:53:01+00:00\",\"dateModified\":\"2025-08-05T12:45:33+00:00\",\"description\":\"Perfecta Transfer k\u0131zartma kurulumu en y\u00fcksek kaliteyi temsil eder. Kompakt hatlar\u0131 \u015f\u0131k ve g\u00fc\u00e7l\u00fc bir g\u00f6r\u00fcn\u00fcm olu\u015fturur.\",\"breadcrumb\":{\"@id\":\"https:\/\/perfecta.nl\/tr\/perfecta-transfer\/#breadcrumb\"},\"inLanguage\":\"tr\",\"potentialAction\":[{\"@type\":\"ReadAction\",\"target\":[\"https:\/\/perfecta.nl\/tr\/perfecta-transfer\/\"]}]},{\"@type\":\"BreadcrumbList\",\"@id\":\"https:\/\/perfecta.nl\/tr\/perfecta-transfer\/#breadcrumb\",\"itemListElement\":[{\"@type\":\"ListItem\",\"position\":1,\"name\":\"Home\",\"item\":\"https:\/\/perfecta.nl\/tr\/\"},{\"@type\":\"ListItem\",\"position\":2,\"name\":\"Perfecta Transfer\"}]},{\"@type\":\"WebSite\",\"@id\":\"https:\/\/perfecta.nl\/tr\/#website\",\"url\":\"https:\/\/perfecta.nl\/tr\/\",\"name\":\"Perfecta\",\"description\":\"Bakwanden en frituurinstallaties\",\"publisher\":{\"@id\":\"https:\/\/perfecta.nl\/tr\/#organization\"},\"potentialAction\":[{\"@type\":\"SearchAction\",\"target\":{\"@type\":\"EntryPoint\",\"urlTemplate\":\"https:\/\/perfecta.nl\/tr\/?s={search_term_string}\"},\"query-input\":{\"@type\":\"PropertyValueSpecification\",\"valueRequired\":true,\"valueName\":\"search_term_string\"}}],\"inLanguage\":\"tr\"},{\"@type\":\"Organization\",\"@id\":\"https:\/\/perfecta.nl\/tr\/#organization\",\"name\":\"Perfecta\",\"url\":\"https:\/\/perfecta.nl\/tr\/\",\"logo\":{\"@type\":\"ImageObject\",\"inLanguage\":\"tr\",\"@id\":\"https:\/\/perfecta.nl\/tr\/#\/schema\/logo\/image\/\",\"url\":\"https:\/\/perfecta.nl\/wp-content\/uploads\/2021\/03\/perfecta-logo.png\",\"contentUrl\":\"https:\/\/perfecta.nl\/wp-content\/uploads\/2021\/03\/perfecta-logo.png\",\"width\":449,\"height\":303,\"caption\":\"Perfecta\"},\"image\":{\"@id\":\"https:\/\/perfecta.nl\/tr\/#\/schema\/logo\/image\/\"}}]}<\/script>\n<!-- \/ Yoast SEO plugin. -->","yoast_head_json":{"title":"Perfecta Transfer | Modeller | Profesyonel Frit\u00f6z","description":"Perfecta Transfer k\u0131zartma kurulumu en y\u00fcksek kaliteyi temsil eder. Kompakt hatlar\u0131 \u015f\u0131k ve g\u00fc\u00e7l\u00fc bir g\u00f6r\u00fcn\u00fcm olu\u015fturur.","robots":{"index":"index","follow":"follow","max-snippet":"max-snippet:-1","max-image-preview":"max-image-preview:large","max-video-preview":"max-video-preview:-1"},"canonical":"https:\/\/perfecta.nl\/tr\/perfecta-transfer\/","og_locale":"tr_TR","og_type":"article","og_title":"Perfecta Transfer | Modeller | Profesyonel Frit\u00f6z","og_description":"Perfecta Transfer k\u0131zartma kurulumu en y\u00fcksek kaliteyi temsil eder. Kompakt hatlar\u0131 \u015f\u0131k ve g\u00fc\u00e7l\u00fc bir g\u00f6r\u00fcn\u00fcm olu\u015fturur.","og_url":"https:\/\/perfecta.nl\/tr\/perfecta-transfer\/","og_site_name":"Perfecta","article_modified_time":"2025-08-05T12:45:33+00:00","twitter_card":"summary_large_image","twitter_misc":{"Tahmini okuma s\u00fcresi":"3 dakika"},"schema":{"@context":"https:\/\/schema.org","@graph":[{"@type":"WebPage","@id":"https:\/\/perfecta.nl\/tr\/perfecta-transfer\/","url":"https:\/\/perfecta.nl\/tr\/perfecta-transfer\/","name":"Perfecta Transfer | Modeller | Profesyonel Frit\u00f6z","isPartOf":{"@id":"https:\/\/perfecta.nl\/tr\/#website"},"datePublished":"2025-08-05T11:53:01+00:00","dateModified":"2025-08-05T12:45:33+00:00","description":"Perfecta Transfer k\u0131zartma kurulumu en y\u00fcksek kaliteyi temsil eder. Kompakt hatlar\u0131 \u015f\u0131k ve g\u00fc\u00e7l\u00fc bir g\u00f6r\u00fcn\u00fcm olu\u015fturur.","breadcrumb":{"@id":"https:\/\/perfecta.nl\/tr\/perfecta-transfer\/#breadcrumb"},"inLanguage":"tr","potentialAction":[{"@type":"ReadAction","target":["https:\/\/perfecta.nl\/tr\/perfecta-transfer\/"]}]},{"@type":"BreadcrumbList","@id":"https:\/\/perfecta.nl\/tr\/perfecta-transfer\/#breadcrumb","itemListElement":[{"@type":"ListItem","position":1,"name":"Home","item":"https:\/\/perfecta.nl\/tr\/"},{"@type":"ListItem","position":2,"name":"Perfecta Transfer"}]},{"@type":"WebSite","@id":"https:\/\/perfecta.nl\/tr\/#website","url":"https:\/\/perfecta.nl\/tr\/","name":"Perfecta","description":"Bakwanden en frituurinstallaties","publisher":{"@id":"https:\/\/perfecta.nl\/tr\/#organization"},"potentialAction":[{"@type":"SearchAction","target":{"@type":"EntryPoint","urlTemplate":"https:\/\/perfecta.nl\/tr\/?s={search_term_string}"},"query-input":{"@type":"PropertyValueSpecification","valueRequired":true,"valueName":"search_term_string"}}],"inLanguage":"tr"},{"@type":"Organization","@id":"https:\/\/perfecta.nl\/tr\/#organization","name":"Perfecta","url":"https:\/\/perfecta.nl\/tr\/","logo":{"@type":"ImageObject","inLanguage":"tr","@id":"https:\/\/perfecta.nl\/tr\/#\/schema\/logo\/image\/","url":"https:\/\/perfecta.nl\/wp-content\/uploads\/2021\/03\/perfecta-logo.png","contentUrl":"https:\/\/perfecta.nl\/wp-content\/uploads\/2021\/03\/perfecta-logo.png","width":449,"height":303,"caption":"Perfecta"},"image":{"@id":"https:\/\/perfecta.nl\/tr\/#\/schema\/logo\/image\/"}}]}},"_links":{"self":[{"href":"https:\/\/perfecta.nl\/tr\/wp-json\/wp\/v2\/pages\/4698","targetHints":{"allow":["GET"]}}],"collection":[{"href":"https:\/\/perfecta.nl\/tr\/wp-json\/wp\/v2\/pages"}],"about":[{"href":"https:\/\/perfecta.nl\/tr\/wp-json\/wp\/v2\/types\/page"}],"author":[{"embeddable":true,"href":"https:\/\/perfecta.nl\/tr\/wp-json\/wp\/v2\/users\/1"}],"replies":[{"embeddable":true,"href":"https:\/\/perfecta.nl\/tr\/wp-json\/wp\/v2\/comments?post=4698"}],"version-history":[{"count":0,"href":"https:\/\/perfecta.nl\/tr\/wp-json\/wp\/v2\/pages\/4698\/revisions"}],"wp:attachment":[{"href":"https:\/\/perfecta.nl\/tr\/wp-json\/wp\/v2\/media?parent=4698"}],"curies":[{"name":"wp","href":"https:\/\/api.w.org\/{rel}","templated":true}]}}