{"id":4685,"date":"2025-08-05T13:52:54","date_gmt":"2025-08-05T11:52:54","guid":{"rendered":"https:\/\/perfecta.nl\/bloglar\/"},"modified":"2025-08-05T14:23:31","modified_gmt":"2025-08-05T12:23:31","slug":"bloglar","status":"publish","type":"page","link":"https:\/\/perfecta.nl\/tr\/bloglar\/","title":{"rendered":"Bloglar"},"content":{"rendered":"<p><span>Hollanda \u00f6n\u00fcm\u00fczdeki y\u0131llarda do\u011fal gaz gibi fosil yak\u0131tlar\u0131n kullan\u0131m\u0131n\u0131 a\u015famal\u0131 olarak durdurmak istiyor. Hollanda h\u00fck\u00fcmeti 2050 y\u0131l\u0131na kadar Hollanda&#8217;n\u0131n &#8220;gazs\u0131z&#8221; olmas\u0131n\u0131 istiyor. Ye\u015fil enerji gelece\u011fin enerjisidir ve bu nedenle bu de\u011fi\u015fimin er ya da ge\u00e7 bizim sekt\u00f6r\u00fcm\u00fczde de ger\u00e7ekle\u015fmesi gerekecektir. QBTEC ileriyi d\u00fc\u015f\u00fcn\u00fcr ve bu nedenle hem yuvarlak hem de dikd\u00f6rtgen \u015feklinde elektrikli elemanlarla donat\u0131lm\u0131\u015f \u00e7e\u015fitli Frit\u00f6zlere sahiptir. Frit\u00f6zlerimizde kullan\u0131lan elektrikli elemanlar neredeyse %100 gibi \u00e7ok y\u00fcksek bir verimlili\u011fe sahiptir! Ayr\u0131ca, elektrikli frit\u00f6zlerimizin kullan\u0131m\u0131n\u0131 ve bak\u0131m\u0131n\u0131 optimize etmek i\u00e7in g\u00fcn\u00fcm\u00fczde hala geli\u015ftirmeler devam etmektedir. <\/span><\/p>\n","protected":false},"excerpt":{"rendered":"<p>Hollanda \u00f6n\u00fcm\u00fczdeki y\u0131llarda do\u011fal gaz gibi fosil yak\u0131tlar\u0131n kullan\u0131m\u0131n\u0131 a\u015famal\u0131 olarak durdurmak istiyor. Hollanda h\u00fck\u00fcmeti 2050 y\u0131l\u0131na kadar Hollanda&#8217;n\u0131n &#8220;gazs\u0131z&#8221; olmas\u0131n\u0131 istiyor. Ye\u015fil enerji gelece\u011fin enerjisidir ve bu nedenle bu de\u011fi\u015fimin er ya da ge\u00e7 bizim sekt\u00f6r\u00fcm\u00fczde de ger\u00e7ekle\u015fmesi gerekecektir. QBTEC ileriyi d\u00fc\u015f\u00fcn\u00fcr ve bu nedenle hem yuvarlak hem de dikd\u00f6rtgen \u015feklinde elektrikli elemanlarla donat\u0131lm\u0131\u015f [&hellip;]<\/p>\n","protected":false},"author":1,"featured_media":4691,"parent":0,"menu_order":0,"comment_status":"closed","ping_status":"closed","template":"template-parts\/modules.php","meta":{"_acf_changed":false,"inline_featured_image":false,"footnotes":""},"class_list":["post-4685","page","type-page","status-publish","has-post-thumbnail","hentry"],"acf":[],"yoast_head":"<!-- This site is optimized with the Yoast SEO plugin v27.2 - https:\/\/yoast.com\/product\/yoast-seo-wordpress\/ -->\n<title>Bloglar | Perfecta | Profesyonel K\u0131zartma Tesisleri ve Frit\u00f6zler<\/title>\n<meta name=\"description\" content=\"Perfecta&#039;n\u0131n profesyonel frit\u00f6zleri ve frit\u00f6zleri hakk\u0131ndaki en son haberleri merak ediyor musunuz? Okumaya devam edin.\" \/>\n<meta name=\"robots\" content=\"index, follow, max-snippet:-1, max-image-preview:large, max-video-preview:-1\" \/>\n<link rel=\"canonical\" href=\"https:\/\/perfecta.nl\/tr\/bloglar\/\" \/>\n<meta property=\"og:locale\" content=\"tr_TR\" \/>\n<meta property=\"og:type\" content=\"article\" \/>\n<meta property=\"og:title\" content=\"Bloglar | Perfecta | Profesyonel K\u0131zartma Tesisleri ve Frit\u00f6zler\" \/>\n<meta property=\"og:description\" content=\"Perfecta&#039;n\u0131n profesyonel frit\u00f6zleri ve frit\u00f6zleri hakk\u0131ndaki en son haberleri merak ediyor musunuz? Okumaya devam edin.\" \/>\n<meta property=\"og:url\" content=\"https:\/\/perfecta.nl\/tr\/bloglar\/\" \/>\n<meta property=\"og:site_name\" content=\"Perfecta\" \/>\n<meta property=\"article:modified_time\" content=\"2025-08-05T12:23:31+00:00\" \/>\n<meta property=\"og:image\" content=\"https:\/\/perfecta.nl\/wp-content\/uploads\/2022\/07\/Enegrie-investeringsaftrek-EIA.jpg\" \/>\n\t<meta property=\"og:image:width\" content=\"1000\" \/>\n\t<meta property=\"og:image:height\" content=\"665\" \/>\n\t<meta property=\"og:image:type\" content=\"image\/jpeg\" \/>\n<meta name=\"twitter:card\" content=\"summary_large_image\" \/>\n<meta name=\"twitter:label1\" content=\"Tahmini okuma s\u00fcresi\" \/>\n\t<meta name=\"twitter:data1\" content=\"2 dakika\" \/>\n<script type=\"application\/ld+json\" class=\"yoast-schema-graph\">{\"@context\":\"https:\/\/schema.org\",\"@graph\":[{\"@type\":\"WebPage\",\"@id\":\"https:\/\/perfecta.nl\/tr\/bloglar\/\",\"url\":\"https:\/\/perfecta.nl\/tr\/bloglar\/\",\"name\":\"Bloglar | Perfecta | Profesyonel K\u0131zartma Tesisleri ve Frit\u00f6zler\",\"isPartOf\":{\"@id\":\"https:\/\/perfecta.nl\/tr\/#website\"},\"primaryImageOfPage\":{\"@id\":\"https:\/\/perfecta.nl\/tr\/bloglar\/#primaryimage\"},\"image\":{\"@id\":\"https:\/\/perfecta.nl\/tr\/bloglar\/#primaryimage\"},\"thumbnailUrl\":\"https:\/\/perfecta.nl\/wp-content\/uploads\/2022\/07\/Enegrie-investeringsaftrek-EIA.jpg\",\"datePublished\":\"2025-08-05T11:52:54+00:00\",\"dateModified\":\"2025-08-05T12:23:31+00:00\",\"description\":\"Perfecta'n\u0131n profesyonel frit\u00f6zleri ve frit\u00f6zleri hakk\u0131ndaki en son haberleri merak ediyor musunuz? Okumaya devam edin.\",\"breadcrumb\":{\"@id\":\"https:\/\/perfecta.nl\/tr\/bloglar\/#breadcrumb\"},\"inLanguage\":\"tr\",\"potentialAction\":[{\"@type\":\"ReadAction\",\"target\":[\"https:\/\/perfecta.nl\/tr\/bloglar\/\"]}]},{\"@type\":\"ImageObject\",\"inLanguage\":\"tr\",\"@id\":\"https:\/\/perfecta.nl\/tr\/bloglar\/#primaryimage\",\"url\":\"https:\/\/perfecta.nl\/wp-content\/uploads\/2022\/07\/Enegrie-investeringsaftrek-EIA.jpg\",\"contentUrl\":\"https:\/\/perfecta.nl\/wp-content\/uploads\/2022\/07\/Enegrie-investeringsaftrek-EIA.jpg\",\"width\":1000,\"height\":665,\"caption\":\"Enegrie investeringsaftrek (EIA)\"},{\"@type\":\"BreadcrumbList\",\"@id\":\"https:\/\/perfecta.nl\/tr\/bloglar\/#breadcrumb\",\"itemListElement\":[{\"@type\":\"ListItem\",\"position\":1,\"name\":\"Home\",\"item\":\"https:\/\/perfecta.nl\/tr\/\"},{\"@type\":\"ListItem\",\"position\":2,\"name\":\"Bloglar\"}]},{\"@type\":\"WebSite\",\"@id\":\"https:\/\/perfecta.nl\/tr\/#website\",\"url\":\"https:\/\/perfecta.nl\/tr\/\",\"name\":\"Perfecta\",\"description\":\"Bakwanden en frituurinstallaties\",\"publisher\":{\"@id\":\"https:\/\/perfecta.nl\/tr\/#organization\"},\"potentialAction\":[{\"@type\":\"SearchAction\",\"target\":{\"@type\":\"EntryPoint\",\"urlTemplate\":\"https:\/\/perfecta.nl\/tr\/?s={search_term_string}\"},\"query-input\":{\"@type\":\"PropertyValueSpecification\",\"valueRequired\":true,\"valueName\":\"search_term_string\"}}],\"inLanguage\":\"tr\"},{\"@type\":\"Organization\",\"@id\":\"https:\/\/perfecta.nl\/tr\/#organization\",\"name\":\"Perfecta\",\"url\":\"https:\/\/perfecta.nl\/tr\/\",\"logo\":{\"@type\":\"ImageObject\",\"inLanguage\":\"tr\",\"@id\":\"https:\/\/perfecta.nl\/tr\/#\/schema\/logo\/image\/\",\"url\":\"https:\/\/perfecta.nl\/wp-content\/uploads\/2021\/03\/perfecta-logo.png\",\"contentUrl\":\"https:\/\/perfecta.nl\/wp-content\/uploads\/2021\/03\/perfecta-logo.png\",\"width\":449,\"height\":303,\"caption\":\"Perfecta\"},\"image\":{\"@id\":\"https:\/\/perfecta.nl\/tr\/#\/schema\/logo\/image\/\"}}]}<\/script>\n<!-- \/ Yoast SEO plugin. -->","yoast_head_json":{"title":"Bloglar | Perfecta | Profesyonel K\u0131zartma Tesisleri ve Frit\u00f6zler","description":"Perfecta'n\u0131n profesyonel frit\u00f6zleri ve frit\u00f6zleri hakk\u0131ndaki en son haberleri merak ediyor musunuz? Okumaya devam edin.","robots":{"index":"index","follow":"follow","max-snippet":"max-snippet:-1","max-image-preview":"max-image-preview:large","max-video-preview":"max-video-preview:-1"},"canonical":"https:\/\/perfecta.nl\/tr\/bloglar\/","og_locale":"tr_TR","og_type":"article","og_title":"Bloglar | Perfecta | Profesyonel K\u0131zartma Tesisleri ve Frit\u00f6zler","og_description":"Perfecta'n\u0131n profesyonel frit\u00f6zleri ve frit\u00f6zleri hakk\u0131ndaki en son haberleri merak ediyor musunuz? Okumaya devam edin.","og_url":"https:\/\/perfecta.nl\/tr\/bloglar\/","og_site_name":"Perfecta","article_modified_time":"2025-08-05T12:23:31+00:00","og_image":[{"width":1000,"height":665,"url":"https:\/\/perfecta.nl\/wp-content\/uploads\/2022\/07\/Enegrie-investeringsaftrek-EIA.jpg","type":"image\/jpeg"}],"twitter_card":"summary_large_image","twitter_misc":{"Tahmini okuma s\u00fcresi":"2 dakika"},"schema":{"@context":"https:\/\/schema.org","@graph":[{"@type":"WebPage","@id":"https:\/\/perfecta.nl\/tr\/bloglar\/","url":"https:\/\/perfecta.nl\/tr\/bloglar\/","name":"Bloglar | Perfecta | Profesyonel K\u0131zartma Tesisleri ve Frit\u00f6zler","isPartOf":{"@id":"https:\/\/perfecta.nl\/tr\/#website"},"primaryImageOfPage":{"@id":"https:\/\/perfecta.nl\/tr\/bloglar\/#primaryimage"},"image":{"@id":"https:\/\/perfecta.nl\/tr\/bloglar\/#primaryimage"},"thumbnailUrl":"https:\/\/perfecta.nl\/wp-content\/uploads\/2022\/07\/Enegrie-investeringsaftrek-EIA.jpg","datePublished":"2025-08-05T11:52:54+00:00","dateModified":"2025-08-05T12:23:31+00:00","description":"Perfecta'n\u0131n profesyonel frit\u00f6zleri ve frit\u00f6zleri hakk\u0131ndaki en son haberleri merak ediyor musunuz? Okumaya devam edin.","breadcrumb":{"@id":"https:\/\/perfecta.nl\/tr\/bloglar\/#breadcrumb"},"inLanguage":"tr","potentialAction":[{"@type":"ReadAction","target":["https:\/\/perfecta.nl\/tr\/bloglar\/"]}]},{"@type":"ImageObject","inLanguage":"tr","@id":"https:\/\/perfecta.nl\/tr\/bloglar\/#primaryimage","url":"https:\/\/perfecta.nl\/wp-content\/uploads\/2022\/07\/Enegrie-investeringsaftrek-EIA.jpg","contentUrl":"https:\/\/perfecta.nl\/wp-content\/uploads\/2022\/07\/Enegrie-investeringsaftrek-EIA.jpg","width":1000,"height":665,"caption":"Enegrie investeringsaftrek (EIA)"},{"@type":"BreadcrumbList","@id":"https:\/\/perfecta.nl\/tr\/bloglar\/#breadcrumb","itemListElement":[{"@type":"ListItem","position":1,"name":"Home","item":"https:\/\/perfecta.nl\/tr\/"},{"@type":"ListItem","position":2,"name":"Bloglar"}]},{"@type":"WebSite","@id":"https:\/\/perfecta.nl\/tr\/#website","url":"https:\/\/perfecta.nl\/tr\/","name":"Perfecta","description":"Bakwanden en frituurinstallaties","publisher":{"@id":"https:\/\/perfecta.nl\/tr\/#organization"},"potentialAction":[{"@type":"SearchAction","target":{"@type":"EntryPoint","urlTemplate":"https:\/\/perfecta.nl\/tr\/?s={search_term_string}"},"query-input":{"@type":"PropertyValueSpecification","valueRequired":true,"valueName":"search_term_string"}}],"inLanguage":"tr"},{"@type":"Organization","@id":"https:\/\/perfecta.nl\/tr\/#organization","name":"Perfecta","url":"https:\/\/perfecta.nl\/tr\/","logo":{"@type":"ImageObject","inLanguage":"tr","@id":"https:\/\/perfecta.nl\/tr\/#\/schema\/logo\/image\/","url":"https:\/\/perfecta.nl\/wp-content\/uploads\/2021\/03\/perfecta-logo.png","contentUrl":"https:\/\/perfecta.nl\/wp-content\/uploads\/2021\/03\/perfecta-logo.png","width":449,"height":303,"caption":"Perfecta"},"image":{"@id":"https:\/\/perfecta.nl\/tr\/#\/schema\/logo\/image\/"}}]}},"_links":{"self":[{"href":"https:\/\/perfecta.nl\/tr\/wp-json\/wp\/v2\/pages\/4685","targetHints":{"allow":["GET"]}}],"collection":[{"href":"https:\/\/perfecta.nl\/tr\/wp-json\/wp\/v2\/pages"}],"about":[{"href":"https:\/\/perfecta.nl\/tr\/wp-json\/wp\/v2\/types\/page"}],"author":[{"embeddable":true,"href":"https:\/\/perfecta.nl\/tr\/wp-json\/wp\/v2\/users\/1"}],"replies":[{"embeddable":true,"href":"https:\/\/perfecta.nl\/tr\/wp-json\/wp\/v2\/comments?post=4685"}],"version-history":[{"count":0,"href":"https:\/\/perfecta.nl\/tr\/wp-json\/wp\/v2\/pages\/4685\/revisions"}],"wp:featuredmedia":[{"embeddable":true,"href":"https:\/\/perfecta.nl\/tr\/wp-json\/wp\/v2\/media\/4691"}],"wp:attachment":[{"href":"https:\/\/perfecta.nl\/tr\/wp-json\/wp\/v2\/media?parent=4685"}],"curies":[{"name":"wp","href":"https:\/\/api.w.org\/{rel}","templated":true}]}}