{"id":5008,"date":"2025-08-07T15:02:51","date_gmt":"2025-08-07T13:02:51","guid":{"rendered":"https:\/\/perfecta.nl\/bliski-wschod\/"},"modified":"2025-08-07T15:02:56","modified_gmt":"2025-08-07T13:02:56","slug":"bliski-wschod","status":"publish","type":"page","link":"https:\/\/perfecta.nl\/pl\/bliski-wschod\/","title":{"rendered":"Bliski Wsch\u00f3d"},"content":{"rendered":"","protected":false},"excerpt":{"rendered":"","protected":false},"author":4,"featured_media":0,"parent":0,"menu_order":0,"comment_status":"closed","ping_status":"closed","template":"template-parts\/modules.php","meta":{"_acf_changed":false,"inline_featured_image":false,"footnotes":""},"class_list":["post-5008","page","type-page","status-publish","hentry"],"acf":[],"yoast_head":"<!-- This site is optimized with the Yoast SEO plugin v27.2 - https:\/\/yoast.com\/product\/yoast-seo-wordpress\/ -->\n<title>Bliski Wsch\u00f3d | Instalacje do sma\u017cenia | Perfecta<\/title>\n<meta name=\"description\" content=\"Perfecta zosta\u0142a za\u0142o\u017cona w 1942 roku i jest najstarsz\u0105 europejsk\u0105 mark\u0105 produkt\u00f3w do sma\u017cenia. Wi\u0119cej informacji o marce Perfecta na Bliskim Wschodzie mo\u017cna znale\u017a\u0107 tutaj.\" \/>\n<meta name=\"robots\" content=\"index, follow, max-snippet:-1, max-image-preview:large, max-video-preview:-1\" \/>\n<link rel=\"canonical\" href=\"https:\/\/perfecta.nl\/pl\/bliski-wschod\/\" \/>\n<meta property=\"og:locale\" content=\"pl_PL\" \/>\n<meta property=\"og:type\" content=\"article\" \/>\n<meta property=\"og:title\" content=\"Bliski Wsch\u00f3d | Instalacje do sma\u017cenia | Perfecta\" \/>\n<meta property=\"og:description\" content=\"Perfecta zosta\u0142a za\u0142o\u017cona w 1942 roku i jest najstarsz\u0105 europejsk\u0105 mark\u0105 produkt\u00f3w do sma\u017cenia. Wi\u0119cej informacji o marce Perfecta na Bliskim Wschodzie mo\u017cna znale\u017a\u0107 tutaj.\" \/>\n<meta property=\"og:url\" content=\"https:\/\/perfecta.nl\/pl\/bliski-wschod\/\" \/>\n<meta property=\"og:site_name\" content=\"Perfecta\" \/>\n<meta property=\"article:modified_time\" content=\"2025-08-07T13:02:56+00:00\" \/>\n<meta name=\"twitter:card\" content=\"summary_large_image\" \/>\n<script type=\"application\/ld+json\" class=\"yoast-schema-graph\">{\"@context\":\"https:\/\/schema.org\",\"@graph\":[{\"@type\":\"WebPage\",\"@id\":\"https:\/\/perfecta.nl\/pl\/bliski-wschod\/\",\"url\":\"https:\/\/perfecta.nl\/pl\/bliski-wschod\/\",\"name\":\"Bliski Wsch\u00f3d | Instalacje do sma\u017cenia | Perfecta\",\"isPartOf\":{\"@id\":\"https:\/\/perfecta.nl\/pl\/#website\"},\"datePublished\":\"2025-08-07T13:02:51+00:00\",\"dateModified\":\"2025-08-07T13:02:56+00:00\",\"description\":\"Perfecta zosta\u0142a za\u0142o\u017cona w 1942 roku i jest najstarsz\u0105 europejsk\u0105 mark\u0105 produkt\u00f3w do sma\u017cenia. Wi\u0119cej informacji o marce Perfecta na Bliskim Wschodzie mo\u017cna znale\u017a\u0107 tutaj.\",\"breadcrumb\":{\"@id\":\"https:\/\/perfecta.nl\/pl\/bliski-wschod\/#breadcrumb\"},\"inLanguage\":\"pl-PL\",\"potentialAction\":[{\"@type\":\"ReadAction\",\"target\":[\"https:\/\/perfecta.nl\/pl\/bliski-wschod\/\"]}]},{\"@type\":\"BreadcrumbList\",\"@id\":\"https:\/\/perfecta.nl\/pl\/bliski-wschod\/#breadcrumb\",\"itemListElement\":[{\"@type\":\"ListItem\",\"position\":1,\"name\":\"Home\",\"item\":\"https:\/\/perfecta.nl\/pl\/\"},{\"@type\":\"ListItem\",\"position\":2,\"name\":\"Bliski Wsch\u00f3d\"}]},{\"@type\":\"WebSite\",\"@id\":\"https:\/\/perfecta.nl\/pl\/#website\",\"url\":\"https:\/\/perfecta.nl\/pl\/\",\"name\":\"Perfecta\",\"description\":\"Bakwanden en frituurinstallaties\",\"publisher\":{\"@id\":\"https:\/\/perfecta.nl\/pl\/#organization\"},\"potentialAction\":[{\"@type\":\"SearchAction\",\"target\":{\"@type\":\"EntryPoint\",\"urlTemplate\":\"https:\/\/perfecta.nl\/pl\/?s={search_term_string}\"},\"query-input\":{\"@type\":\"PropertyValueSpecification\",\"valueRequired\":true,\"valueName\":\"search_term_string\"}}],\"inLanguage\":\"pl-PL\"},{\"@type\":\"Organization\",\"@id\":\"https:\/\/perfecta.nl\/pl\/#organization\",\"name\":\"Perfecta\",\"url\":\"https:\/\/perfecta.nl\/pl\/\",\"logo\":{\"@type\":\"ImageObject\",\"inLanguage\":\"pl-PL\",\"@id\":\"https:\/\/perfecta.nl\/pl\/#\/schema\/logo\/image\/\",\"url\":\"https:\/\/perfecta.nl\/wp-content\/uploads\/2021\/03\/perfecta-logo.png\",\"contentUrl\":\"https:\/\/perfecta.nl\/wp-content\/uploads\/2021\/03\/perfecta-logo.png\",\"width\":449,\"height\":303,\"caption\":\"Perfecta\"},\"image\":{\"@id\":\"https:\/\/perfecta.nl\/pl\/#\/schema\/logo\/image\/\"}}]}<\/script>\n<!-- \/ Yoast SEO plugin. -->","yoast_head_json":{"title":"Bliski Wsch\u00f3d | Instalacje do sma\u017cenia | Perfecta","description":"Perfecta zosta\u0142a za\u0142o\u017cona w 1942 roku i jest najstarsz\u0105 europejsk\u0105 mark\u0105 produkt\u00f3w do sma\u017cenia. Wi\u0119cej informacji o marce Perfecta na Bliskim Wschodzie mo\u017cna znale\u017a\u0107 tutaj.","robots":{"index":"index","follow":"follow","max-snippet":"max-snippet:-1","max-image-preview":"max-image-preview:large","max-video-preview":"max-video-preview:-1"},"canonical":"https:\/\/perfecta.nl\/pl\/bliski-wschod\/","og_locale":"pl_PL","og_type":"article","og_title":"Bliski Wsch\u00f3d | Instalacje do sma\u017cenia | Perfecta","og_description":"Perfecta zosta\u0142a za\u0142o\u017cona w 1942 roku i jest najstarsz\u0105 europejsk\u0105 mark\u0105 produkt\u00f3w do sma\u017cenia. Wi\u0119cej informacji o marce Perfecta na Bliskim Wschodzie mo\u017cna znale\u017a\u0107 tutaj.","og_url":"https:\/\/perfecta.nl\/pl\/bliski-wschod\/","og_site_name":"Perfecta","article_modified_time":"2025-08-07T13:02:56+00:00","twitter_card":"summary_large_image","schema":{"@context":"https:\/\/schema.org","@graph":[{"@type":"WebPage","@id":"https:\/\/perfecta.nl\/pl\/bliski-wschod\/","url":"https:\/\/perfecta.nl\/pl\/bliski-wschod\/","name":"Bliski Wsch\u00f3d | Instalacje do sma\u017cenia | Perfecta","isPartOf":{"@id":"https:\/\/perfecta.nl\/pl\/#website"},"datePublished":"2025-08-07T13:02:51+00:00","dateModified":"2025-08-07T13:02:56+00:00","description":"Perfecta zosta\u0142a za\u0142o\u017cona w 1942 roku i jest najstarsz\u0105 europejsk\u0105 mark\u0105 produkt\u00f3w do sma\u017cenia. Wi\u0119cej informacji o marce Perfecta na Bliskim Wschodzie mo\u017cna znale\u017a\u0107 tutaj.","breadcrumb":{"@id":"https:\/\/perfecta.nl\/pl\/bliski-wschod\/#breadcrumb"},"inLanguage":"pl-PL","potentialAction":[{"@type":"ReadAction","target":["https:\/\/perfecta.nl\/pl\/bliski-wschod\/"]}]},{"@type":"BreadcrumbList","@id":"https:\/\/perfecta.nl\/pl\/bliski-wschod\/#breadcrumb","itemListElement":[{"@type":"ListItem","position":1,"name":"Home","item":"https:\/\/perfecta.nl\/pl\/"},{"@type":"ListItem","position":2,"name":"Bliski Wsch\u00f3d"}]},{"@type":"WebSite","@id":"https:\/\/perfecta.nl\/pl\/#website","url":"https:\/\/perfecta.nl\/pl\/","name":"Perfecta","description":"Bakwanden en frituurinstallaties","publisher":{"@id":"https:\/\/perfecta.nl\/pl\/#organization"},"potentialAction":[{"@type":"SearchAction","target":{"@type":"EntryPoint","urlTemplate":"https:\/\/perfecta.nl\/pl\/?s={search_term_string}"},"query-input":{"@type":"PropertyValueSpecification","valueRequired":true,"valueName":"search_term_string"}}],"inLanguage":"pl-PL"},{"@type":"Organization","@id":"https:\/\/perfecta.nl\/pl\/#organization","name":"Perfecta","url":"https:\/\/perfecta.nl\/pl\/","logo":{"@type":"ImageObject","inLanguage":"pl-PL","@id":"https:\/\/perfecta.nl\/pl\/#\/schema\/logo\/image\/","url":"https:\/\/perfecta.nl\/wp-content\/uploads\/2021\/03\/perfecta-logo.png","contentUrl":"https:\/\/perfecta.nl\/wp-content\/uploads\/2021\/03\/perfecta-logo.png","width":449,"height":303,"caption":"Perfecta"},"image":{"@id":"https:\/\/perfecta.nl\/pl\/#\/schema\/logo\/image\/"}}]}},"_links":{"self":[{"href":"https:\/\/perfecta.nl\/pl\/wp-json\/wp\/v2\/pages\/5008","targetHints":{"allow":["GET"]}}],"collection":[{"href":"https:\/\/perfecta.nl\/pl\/wp-json\/wp\/v2\/pages"}],"about":[{"href":"https:\/\/perfecta.nl\/pl\/wp-json\/wp\/v2\/types\/page"}],"author":[{"embeddable":true,"href":"https:\/\/perfecta.nl\/pl\/wp-json\/wp\/v2\/users\/4"}],"replies":[{"embeddable":true,"href":"https:\/\/perfecta.nl\/pl\/wp-json\/wp\/v2\/comments?post=5008"}],"version-history":[{"count":0,"href":"https:\/\/perfecta.nl\/pl\/wp-json\/wp\/v2\/pages\/5008\/revisions"}],"wp:attachment":[{"href":"https:\/\/perfecta.nl\/pl\/wp-json\/wp\/v2\/media?parent=5008"}],"curies":[{"name":"wp","href":"https:\/\/api.w.org\/{rel}","templated":true}]}}