{"id":4923,"date":"2025-08-07T15:01:36","date_gmt":"2025-08-07T13:01:36","guid":{"rendered":"https:\/\/perfecta.nl\/blogi\/"},"modified":"2025-08-07T15:13:20","modified_gmt":"2025-08-07T13:13:20","slug":"blog","status":"publish","type":"page","link":"https:\/\/perfecta.nl\/pl\/blog\/","title":{"rendered":"Blog"},"content":{"rendered":"<p><span>Holandia chce w najbli\u017cszych latach wycofa\u0107 si\u0119 z wykorzystywania paliw kopalnych, takich jak gaz ziemny. Rz\u0105d holenderski chce, aby do 2050 r. Holandia by\u0142a &#8222;wolna od gazu&#8221;. Zielona energia to przysz\u0142o\u015b\u0107, dlatego te\u017c pr\u0119dzej czy p\u00f3\u017aniej zmiana ta b\u0119dzie musia\u0142a nast\u0105pi\u0107 r\u00f3wnie\u017c w naszej bran\u017cy. QBTEC my\u015bli przysz\u0142o\u015bciowo i dlatego posiada kilka Frytkownic, zar\u00f3wno okr\u0105g\u0142ych jak i prostok\u0105tnych, wyposa\u017conych w elementy elektryczne. Elementy elektryczne stosowane w naszych frytkownicach maj\u0105 bardzo wysok\u0105 sprawno\u015b\u0107 wynosz\u0105c\u0105 prawie 100%! Ponadto nadal trwaj\u0105 prace nad optymalizacj\u0105 u\u017cytkowania i konserwacji naszych frytownic elektrycznych. <\/span><\/p>\n","protected":false},"excerpt":{"rendered":"<p>Holandia chce w najbli\u017cszych latach wycofa\u0107 si\u0119 z wykorzystywania paliw kopalnych, takich jak gaz ziemny. Rz\u0105d holenderski chce, aby do 2050 r. Holandia by\u0142a &#8222;wolna od gazu&#8221;. Zielona energia to przysz\u0142o\u015b\u0107, dlatego te\u017c pr\u0119dzej czy p\u00f3\u017aniej zmiana ta b\u0119dzie musia\u0142a nast\u0105pi\u0107 r\u00f3wnie\u017c w naszej bran\u017cy. QBTEC my\u015bli przysz\u0142o\u015bciowo i dlatego posiada kilka Frytkownic, zar\u00f3wno okr\u0105g\u0142ych [&hellip;]<\/p>\n","protected":false},"author":1,"featured_media":4929,"parent":0,"menu_order":0,"comment_status":"closed","ping_status":"closed","template":"template-parts\/modules.php","meta":{"_acf_changed":false,"inline_featured_image":false,"footnotes":""},"class_list":["post-4923","page","type-page","status-publish","has-post-thumbnail","hentry"],"acf":[],"yoast_head":"<!-- This site is optimized with the Yoast SEO plugin v27.2 - https:\/\/yoast.com\/product\/yoast-seo-wordpress\/ -->\n<title>Blogi | Perfecta | Profesjonalne Frytkownice i \u015aciany Wypiekowe<\/title>\n<meta name=\"description\" content=\"Ciekawi nowo\u015bci na rynku profesjonalnych \u015bcian piekarniczych i frytownic Perfecta? Czytaj dalej.\" \/>\n<meta name=\"robots\" content=\"index, follow, max-snippet:-1, max-image-preview:large, max-video-preview:-1\" \/>\n<link rel=\"canonical\" href=\"https:\/\/perfecta.nl\/pl\/blog\/\" \/>\n<meta property=\"og:locale\" content=\"pl_PL\" \/>\n<meta property=\"og:type\" content=\"article\" \/>\n<meta property=\"og:title\" content=\"Blogi | Perfecta | Profesjonalne Frytkownice i \u015aciany Wypiekowe\" \/>\n<meta property=\"og:description\" content=\"Ciekawi nowo\u015bci na rynku profesjonalnych \u015bcian piekarniczych i frytownic Perfecta? Czytaj dalej.\" \/>\n<meta property=\"og:url\" content=\"https:\/\/perfecta.nl\/pl\/blog\/\" \/>\n<meta property=\"og:site_name\" content=\"Perfecta\" \/>\n<meta property=\"article:modified_time\" content=\"2025-08-07T13:13:20+00:00\" \/>\n<meta property=\"og:image\" content=\"https:\/\/perfecta.nl\/wp-content\/uploads\/2022\/07\/Enegrie-investeringsaftrek-EIA.jpg\" \/>\n\t<meta property=\"og:image:width\" content=\"1000\" \/>\n\t<meta property=\"og:image:height\" content=\"665\" \/>\n\t<meta property=\"og:image:type\" content=\"image\/jpeg\" \/>\n<meta name=\"twitter:card\" content=\"summary_large_image\" \/>\n<meta name=\"twitter:label1\" content=\"Szacowany czas czytania\" \/>\n\t<meta name=\"twitter:data1\" content=\"2 minuty\" \/>\n<script type=\"application\/ld+json\" class=\"yoast-schema-graph\">{\"@context\":\"https:\/\/schema.org\",\"@graph\":[{\"@type\":\"WebPage\",\"@id\":\"https:\/\/perfecta.nl\/pl\/blog\/\",\"url\":\"https:\/\/perfecta.nl\/pl\/blog\/\",\"name\":\"Blogi | Perfecta | Profesjonalne Frytkownice i \u015aciany Wypiekowe\",\"isPartOf\":{\"@id\":\"https:\/\/perfecta.nl\/pl\/#website\"},\"primaryImageOfPage\":{\"@id\":\"https:\/\/perfecta.nl\/pl\/blog\/#primaryimage\"},\"image\":{\"@id\":\"https:\/\/perfecta.nl\/pl\/blog\/#primaryimage\"},\"thumbnailUrl\":\"https:\/\/perfecta.nl\/wp-content\/uploads\/2022\/07\/Enegrie-investeringsaftrek-EIA.jpg\",\"datePublished\":\"2025-08-07T13:01:36+00:00\",\"dateModified\":\"2025-08-07T13:13:20+00:00\",\"description\":\"Ciekawi nowo\u015bci na rynku profesjonalnych \u015bcian piekarniczych i frytownic Perfecta? Czytaj dalej.\",\"breadcrumb\":{\"@id\":\"https:\/\/perfecta.nl\/pl\/blog\/#breadcrumb\"},\"inLanguage\":\"pl-PL\",\"potentialAction\":[{\"@type\":\"ReadAction\",\"target\":[\"https:\/\/perfecta.nl\/pl\/blog\/\"]}]},{\"@type\":\"ImageObject\",\"inLanguage\":\"pl-PL\",\"@id\":\"https:\/\/perfecta.nl\/pl\/blog\/#primaryimage\",\"url\":\"https:\/\/perfecta.nl\/wp-content\/uploads\/2022\/07\/Enegrie-investeringsaftrek-EIA.jpg\",\"contentUrl\":\"https:\/\/perfecta.nl\/wp-content\/uploads\/2022\/07\/Enegrie-investeringsaftrek-EIA.jpg\",\"width\":1000,\"height\":665,\"caption\":\"Enegrie investeringsaftrek (EIA)\"},{\"@type\":\"BreadcrumbList\",\"@id\":\"https:\/\/perfecta.nl\/pl\/blog\/#breadcrumb\",\"itemListElement\":[{\"@type\":\"ListItem\",\"position\":1,\"name\":\"Home\",\"item\":\"https:\/\/perfecta.nl\/pl\/\"},{\"@type\":\"ListItem\",\"position\":2,\"name\":\"Blog\"}]},{\"@type\":\"WebSite\",\"@id\":\"https:\/\/perfecta.nl\/pl\/#website\",\"url\":\"https:\/\/perfecta.nl\/pl\/\",\"name\":\"Perfecta\",\"description\":\"Bakwanden en frituurinstallaties\",\"publisher\":{\"@id\":\"https:\/\/perfecta.nl\/pl\/#organization\"},\"potentialAction\":[{\"@type\":\"SearchAction\",\"target\":{\"@type\":\"EntryPoint\",\"urlTemplate\":\"https:\/\/perfecta.nl\/pl\/?s={search_term_string}\"},\"query-input\":{\"@type\":\"PropertyValueSpecification\",\"valueRequired\":true,\"valueName\":\"search_term_string\"}}],\"inLanguage\":\"pl-PL\"},{\"@type\":\"Organization\",\"@id\":\"https:\/\/perfecta.nl\/pl\/#organization\",\"name\":\"Perfecta\",\"url\":\"https:\/\/perfecta.nl\/pl\/\",\"logo\":{\"@type\":\"ImageObject\",\"inLanguage\":\"pl-PL\",\"@id\":\"https:\/\/perfecta.nl\/pl\/#\/schema\/logo\/image\/\",\"url\":\"https:\/\/perfecta.nl\/wp-content\/uploads\/2021\/03\/perfecta-logo.png\",\"contentUrl\":\"https:\/\/perfecta.nl\/wp-content\/uploads\/2021\/03\/perfecta-logo.png\",\"width\":449,\"height\":303,\"caption\":\"Perfecta\"},\"image\":{\"@id\":\"https:\/\/perfecta.nl\/pl\/#\/schema\/logo\/image\/\"}}]}<\/script>\n<!-- \/ Yoast SEO plugin. -->","yoast_head_json":{"title":"Blogi | Perfecta | Profesjonalne Frytkownice i \u015aciany Wypiekowe","description":"Ciekawi nowo\u015bci na rynku profesjonalnych \u015bcian piekarniczych i frytownic Perfecta? Czytaj dalej.","robots":{"index":"index","follow":"follow","max-snippet":"max-snippet:-1","max-image-preview":"max-image-preview:large","max-video-preview":"max-video-preview:-1"},"canonical":"https:\/\/perfecta.nl\/pl\/blog\/","og_locale":"pl_PL","og_type":"article","og_title":"Blogi | Perfecta | Profesjonalne Frytkownice i \u015aciany Wypiekowe","og_description":"Ciekawi nowo\u015bci na rynku profesjonalnych \u015bcian piekarniczych i frytownic Perfecta? Czytaj dalej.","og_url":"https:\/\/perfecta.nl\/pl\/blog\/","og_site_name":"Perfecta","article_modified_time":"2025-08-07T13:13:20+00:00","og_image":[{"width":1000,"height":665,"url":"https:\/\/perfecta.nl\/wp-content\/uploads\/2022\/07\/Enegrie-investeringsaftrek-EIA.jpg","type":"image\/jpeg"}],"twitter_card":"summary_large_image","twitter_misc":{"Szacowany czas czytania":"2 minuty"},"schema":{"@context":"https:\/\/schema.org","@graph":[{"@type":"WebPage","@id":"https:\/\/perfecta.nl\/pl\/blog\/","url":"https:\/\/perfecta.nl\/pl\/blog\/","name":"Blogi | Perfecta | Profesjonalne Frytkownice i \u015aciany Wypiekowe","isPartOf":{"@id":"https:\/\/perfecta.nl\/pl\/#website"},"primaryImageOfPage":{"@id":"https:\/\/perfecta.nl\/pl\/blog\/#primaryimage"},"image":{"@id":"https:\/\/perfecta.nl\/pl\/blog\/#primaryimage"},"thumbnailUrl":"https:\/\/perfecta.nl\/wp-content\/uploads\/2022\/07\/Enegrie-investeringsaftrek-EIA.jpg","datePublished":"2025-08-07T13:01:36+00:00","dateModified":"2025-08-07T13:13:20+00:00","description":"Ciekawi nowo\u015bci na rynku profesjonalnych \u015bcian piekarniczych i frytownic Perfecta? Czytaj dalej.","breadcrumb":{"@id":"https:\/\/perfecta.nl\/pl\/blog\/#breadcrumb"},"inLanguage":"pl-PL","potentialAction":[{"@type":"ReadAction","target":["https:\/\/perfecta.nl\/pl\/blog\/"]}]},{"@type":"ImageObject","inLanguage":"pl-PL","@id":"https:\/\/perfecta.nl\/pl\/blog\/#primaryimage","url":"https:\/\/perfecta.nl\/wp-content\/uploads\/2022\/07\/Enegrie-investeringsaftrek-EIA.jpg","contentUrl":"https:\/\/perfecta.nl\/wp-content\/uploads\/2022\/07\/Enegrie-investeringsaftrek-EIA.jpg","width":1000,"height":665,"caption":"Enegrie investeringsaftrek (EIA)"},{"@type":"BreadcrumbList","@id":"https:\/\/perfecta.nl\/pl\/blog\/#breadcrumb","itemListElement":[{"@type":"ListItem","position":1,"name":"Home","item":"https:\/\/perfecta.nl\/pl\/"},{"@type":"ListItem","position":2,"name":"Blog"}]},{"@type":"WebSite","@id":"https:\/\/perfecta.nl\/pl\/#website","url":"https:\/\/perfecta.nl\/pl\/","name":"Perfecta","description":"Bakwanden en frituurinstallaties","publisher":{"@id":"https:\/\/perfecta.nl\/pl\/#organization"},"potentialAction":[{"@type":"SearchAction","target":{"@type":"EntryPoint","urlTemplate":"https:\/\/perfecta.nl\/pl\/?s={search_term_string}"},"query-input":{"@type":"PropertyValueSpecification","valueRequired":true,"valueName":"search_term_string"}}],"inLanguage":"pl-PL"},{"@type":"Organization","@id":"https:\/\/perfecta.nl\/pl\/#organization","name":"Perfecta","url":"https:\/\/perfecta.nl\/pl\/","logo":{"@type":"ImageObject","inLanguage":"pl-PL","@id":"https:\/\/perfecta.nl\/pl\/#\/schema\/logo\/image\/","url":"https:\/\/perfecta.nl\/wp-content\/uploads\/2021\/03\/perfecta-logo.png","contentUrl":"https:\/\/perfecta.nl\/wp-content\/uploads\/2021\/03\/perfecta-logo.png","width":449,"height":303,"caption":"Perfecta"},"image":{"@id":"https:\/\/perfecta.nl\/pl\/#\/schema\/logo\/image\/"}}]}},"_links":{"self":[{"href":"https:\/\/perfecta.nl\/pl\/wp-json\/wp\/v2\/pages\/4923","targetHints":{"allow":["GET"]}}],"collection":[{"href":"https:\/\/perfecta.nl\/pl\/wp-json\/wp\/v2\/pages"}],"about":[{"href":"https:\/\/perfecta.nl\/pl\/wp-json\/wp\/v2\/types\/page"}],"author":[{"embeddable":true,"href":"https:\/\/perfecta.nl\/pl\/wp-json\/wp\/v2\/users\/1"}],"replies":[{"embeddable":true,"href":"https:\/\/perfecta.nl\/pl\/wp-json\/wp\/v2\/comments?post=4923"}],"version-history":[{"count":0,"href":"https:\/\/perfecta.nl\/pl\/wp-json\/wp\/v2\/pages\/4923\/revisions"}],"wp:featuredmedia":[{"embeddable":true,"href":"https:\/\/perfecta.nl\/pl\/wp-json\/wp\/v2\/media\/4929"}],"wp:attachment":[{"href":"https:\/\/perfecta.nl\/pl\/wp-json\/wp\/v2\/media?parent=4923"}],"curies":[{"name":"wp","href":"https:\/\/api.w.org\/{rel}","templated":true}]}}