{"id":4881,"date":"2025-08-07T14:50:51","date_gmt":"2025-08-07T12:50:51","guid":{"rendered":"https:\/\/perfecta.nl\/perfecta-transfer\/"},"modified":"2025-08-07T15:28:47","modified_gmt":"2025-08-07T13:28:47","slug":"perfecta-transfer","status":"publish","type":"page","link":"https:\/\/perfecta.nl\/pl\/perfecta-transfer\/","title":{"rendered":"Perfecta Transfer"},"content":{"rendered":"","protected":false},"excerpt":{"rendered":"","protected":false},"author":1,"featured_media":0,"parent":0,"menu_order":0,"comment_status":"closed","ping_status":"closed","template":"template-parts\/modules.php","meta":{"_acf_changed":false,"inline_featured_image":false,"footnotes":""},"class_list":["post-4881","page","type-page","status-publish","hentry"],"acf":[],"yoast_head":"<!-- This site is optimized with the Yoast SEO plugin v27.2 - https:\/\/yoast.com\/product\/yoast-seo-wordpress\/ -->\n<title>Perfecta Transfer | Modele | Profesjonalna frytownica<\/title>\n<meta name=\"description\" content=\"Instalacja do sma\u017cenia Perfecta Transfer oznacza najwy\u017csz\u0105 jako\u015b\u0107. Kompaktowe linie tworz\u0105 elegancki i mocny wygl\u0105d.\" \/>\n<meta name=\"robots\" content=\"index, follow, max-snippet:-1, max-image-preview:large, max-video-preview:-1\" \/>\n<link rel=\"canonical\" href=\"https:\/\/perfecta.nl\/pl\/perfecta-transfer\/\" \/>\n<meta property=\"og:locale\" content=\"pl_PL\" \/>\n<meta property=\"og:type\" content=\"article\" \/>\n<meta property=\"og:title\" content=\"Perfecta Transfer | Modele | Profesjonalna frytownica\" \/>\n<meta property=\"og:description\" content=\"Instalacja do sma\u017cenia Perfecta Transfer oznacza najwy\u017csz\u0105 jako\u015b\u0107. Kompaktowe linie tworz\u0105 elegancki i mocny wygl\u0105d.\" \/>\n<meta property=\"og:url\" content=\"https:\/\/perfecta.nl\/pl\/perfecta-transfer\/\" \/>\n<meta property=\"og:site_name\" content=\"Perfecta\" \/>\n<meta property=\"article:modified_time\" content=\"2025-08-07T13:28:47+00:00\" \/>\n<meta name=\"twitter:card\" content=\"summary_large_image\" \/>\n<meta name=\"twitter:label1\" content=\"Szacowany czas czytania\" \/>\n\t<meta name=\"twitter:data1\" content=\"3 minuty\" \/>\n<script type=\"application\/ld+json\" class=\"yoast-schema-graph\">{\"@context\":\"https:\/\/schema.org\",\"@graph\":[{\"@type\":\"WebPage\",\"@id\":\"https:\/\/perfecta.nl\/pl\/perfecta-transfer\/\",\"url\":\"https:\/\/perfecta.nl\/pl\/perfecta-transfer\/\",\"name\":\"Perfecta Transfer | Modele | Profesjonalna frytownica\",\"isPartOf\":{\"@id\":\"https:\/\/perfecta.nl\/pl\/#website\"},\"datePublished\":\"2025-08-07T12:50:51+00:00\",\"dateModified\":\"2025-08-07T13:28:47+00:00\",\"description\":\"Instalacja do sma\u017cenia Perfecta Transfer oznacza najwy\u017csz\u0105 jako\u015b\u0107. Kompaktowe linie tworz\u0105 elegancki i mocny wygl\u0105d.\",\"breadcrumb\":{\"@id\":\"https:\/\/perfecta.nl\/pl\/perfecta-transfer\/#breadcrumb\"},\"inLanguage\":\"pl-PL\",\"potentialAction\":[{\"@type\":\"ReadAction\",\"target\":[\"https:\/\/perfecta.nl\/pl\/perfecta-transfer\/\"]}]},{\"@type\":\"BreadcrumbList\",\"@id\":\"https:\/\/perfecta.nl\/pl\/perfecta-transfer\/#breadcrumb\",\"itemListElement\":[{\"@type\":\"ListItem\",\"position\":1,\"name\":\"Home\",\"item\":\"https:\/\/perfecta.nl\/pl\/\"},{\"@type\":\"ListItem\",\"position\":2,\"name\":\"Perfecta Transfer\"}]},{\"@type\":\"WebSite\",\"@id\":\"https:\/\/perfecta.nl\/pl\/#website\",\"url\":\"https:\/\/perfecta.nl\/pl\/\",\"name\":\"Perfecta\",\"description\":\"Bakwanden en frituurinstallaties\",\"publisher\":{\"@id\":\"https:\/\/perfecta.nl\/pl\/#organization\"},\"potentialAction\":[{\"@type\":\"SearchAction\",\"target\":{\"@type\":\"EntryPoint\",\"urlTemplate\":\"https:\/\/perfecta.nl\/pl\/?s={search_term_string}\"},\"query-input\":{\"@type\":\"PropertyValueSpecification\",\"valueRequired\":true,\"valueName\":\"search_term_string\"}}],\"inLanguage\":\"pl-PL\"},{\"@type\":\"Organization\",\"@id\":\"https:\/\/perfecta.nl\/pl\/#organization\",\"name\":\"Perfecta\",\"url\":\"https:\/\/perfecta.nl\/pl\/\",\"logo\":{\"@type\":\"ImageObject\",\"inLanguage\":\"pl-PL\",\"@id\":\"https:\/\/perfecta.nl\/pl\/#\/schema\/logo\/image\/\",\"url\":\"https:\/\/perfecta.nl\/wp-content\/uploads\/2021\/03\/perfecta-logo.png\",\"contentUrl\":\"https:\/\/perfecta.nl\/wp-content\/uploads\/2021\/03\/perfecta-logo.png\",\"width\":449,\"height\":303,\"caption\":\"Perfecta\"},\"image\":{\"@id\":\"https:\/\/perfecta.nl\/pl\/#\/schema\/logo\/image\/\"}}]}<\/script>\n<!-- \/ Yoast SEO plugin. -->","yoast_head_json":{"title":"Perfecta Transfer | Modele | Profesjonalna frytownica","description":"Instalacja do sma\u017cenia Perfecta Transfer oznacza najwy\u017csz\u0105 jako\u015b\u0107. Kompaktowe linie tworz\u0105 elegancki i mocny wygl\u0105d.","robots":{"index":"index","follow":"follow","max-snippet":"max-snippet:-1","max-image-preview":"max-image-preview:large","max-video-preview":"max-video-preview:-1"},"canonical":"https:\/\/perfecta.nl\/pl\/perfecta-transfer\/","og_locale":"pl_PL","og_type":"article","og_title":"Perfecta Transfer | Modele | Profesjonalna frytownica","og_description":"Instalacja do sma\u017cenia Perfecta Transfer oznacza najwy\u017csz\u0105 jako\u015b\u0107. Kompaktowe linie tworz\u0105 elegancki i mocny wygl\u0105d.","og_url":"https:\/\/perfecta.nl\/pl\/perfecta-transfer\/","og_site_name":"Perfecta","article_modified_time":"2025-08-07T13:28:47+00:00","twitter_card":"summary_large_image","twitter_misc":{"Szacowany czas czytania":"3 minuty"},"schema":{"@context":"https:\/\/schema.org","@graph":[{"@type":"WebPage","@id":"https:\/\/perfecta.nl\/pl\/perfecta-transfer\/","url":"https:\/\/perfecta.nl\/pl\/perfecta-transfer\/","name":"Perfecta Transfer | Modele | Profesjonalna frytownica","isPartOf":{"@id":"https:\/\/perfecta.nl\/pl\/#website"},"datePublished":"2025-08-07T12:50:51+00:00","dateModified":"2025-08-07T13:28:47+00:00","description":"Instalacja do sma\u017cenia Perfecta Transfer oznacza najwy\u017csz\u0105 jako\u015b\u0107. Kompaktowe linie tworz\u0105 elegancki i mocny wygl\u0105d.","breadcrumb":{"@id":"https:\/\/perfecta.nl\/pl\/perfecta-transfer\/#breadcrumb"},"inLanguage":"pl-PL","potentialAction":[{"@type":"ReadAction","target":["https:\/\/perfecta.nl\/pl\/perfecta-transfer\/"]}]},{"@type":"BreadcrumbList","@id":"https:\/\/perfecta.nl\/pl\/perfecta-transfer\/#breadcrumb","itemListElement":[{"@type":"ListItem","position":1,"name":"Home","item":"https:\/\/perfecta.nl\/pl\/"},{"@type":"ListItem","position":2,"name":"Perfecta Transfer"}]},{"@type":"WebSite","@id":"https:\/\/perfecta.nl\/pl\/#website","url":"https:\/\/perfecta.nl\/pl\/","name":"Perfecta","description":"Bakwanden en frituurinstallaties","publisher":{"@id":"https:\/\/perfecta.nl\/pl\/#organization"},"potentialAction":[{"@type":"SearchAction","target":{"@type":"EntryPoint","urlTemplate":"https:\/\/perfecta.nl\/pl\/?s={search_term_string}"},"query-input":{"@type":"PropertyValueSpecification","valueRequired":true,"valueName":"search_term_string"}}],"inLanguage":"pl-PL"},{"@type":"Organization","@id":"https:\/\/perfecta.nl\/pl\/#organization","name":"Perfecta","url":"https:\/\/perfecta.nl\/pl\/","logo":{"@type":"ImageObject","inLanguage":"pl-PL","@id":"https:\/\/perfecta.nl\/pl\/#\/schema\/logo\/image\/","url":"https:\/\/perfecta.nl\/wp-content\/uploads\/2021\/03\/perfecta-logo.png","contentUrl":"https:\/\/perfecta.nl\/wp-content\/uploads\/2021\/03\/perfecta-logo.png","width":449,"height":303,"caption":"Perfecta"},"image":{"@id":"https:\/\/perfecta.nl\/pl\/#\/schema\/logo\/image\/"}}]}},"_links":{"self":[{"href":"https:\/\/perfecta.nl\/pl\/wp-json\/wp\/v2\/pages\/4881","targetHints":{"allow":["GET"]}}],"collection":[{"href":"https:\/\/perfecta.nl\/pl\/wp-json\/wp\/v2\/pages"}],"about":[{"href":"https:\/\/perfecta.nl\/pl\/wp-json\/wp\/v2\/types\/page"}],"author":[{"embeddable":true,"href":"https:\/\/perfecta.nl\/pl\/wp-json\/wp\/v2\/users\/1"}],"replies":[{"embeddable":true,"href":"https:\/\/perfecta.nl\/pl\/wp-json\/wp\/v2\/comments?post=4881"}],"version-history":[{"count":0,"href":"https:\/\/perfecta.nl\/pl\/wp-json\/wp\/v2\/pages\/4881\/revisions"}],"wp:attachment":[{"href":"https:\/\/perfecta.nl\/pl\/wp-json\/wp\/v2\/media?parent=4881"}],"curies":[{"name":"wp","href":"https:\/\/api.w.org\/{rel}","templated":true}]}}