{"id":4330,"date":"2025-07-24T11:12:42","date_gmt":"2025-07-24T09:12:42","guid":{"rendered":"https:\/\/perfecta.nl\/blogs\/"},"modified":"2025-07-24T11:15:00","modified_gmt":"2025-07-24T09:15:00","slug":"blogs","status":"publish","type":"page","link":"https:\/\/perfecta.nl\/es\/blogs\/","title":{"rendered":"Blogs"},"content":{"rendered":"<p><span>Holanda quiere eliminar progresivamente el uso de combustibles f\u00f3siles como el gas natural en los pr\u00f3ximos a\u00f1os. El gobierno holand\u00e9s quiere que Holanda est\u00e9 \u00ablibre de gas\u00bb en 2050. La energ\u00eda verde es el futuro y, por tanto, este cambio tambi\u00e9n tendr\u00e1 que producirse en nuestra industria tarde o temprano.   QBTEC piensa en el futuro y por eso dispone de varias calderas, tanto redondas como rectangulares, equipadas con elementos el\u00e9ctricos. Los elementos el\u00e9ctricos utilizados en nuestras calderas tienen un rendimiento muy alto, \u00a1de casi el 100%! Adem\u00e1s, hoy en d\u00eda se sigue evolucionando para optimizar el uso y el mantenimiento de nuestras freidoras el\u00e9ctricas.  <\/span><\/p>\n","protected":false},"excerpt":{"rendered":"<p>Holanda quiere eliminar progresivamente el uso de combustibles f\u00f3siles como el gas natural en los pr\u00f3ximos a\u00f1os. El gobierno holand\u00e9s quiere que Holanda est\u00e9 \u00ablibre de gas\u00bb en 2050. La energ\u00eda verde es el futuro y, por tanto, este cambio tambi\u00e9n tendr\u00e1 que producirse en nuestra industria tarde o temprano. QBTEC piensa en el futuro [&hellip;]<\/p>\n","protected":false},"author":1,"featured_media":4300,"parent":0,"menu_order":0,"comment_status":"closed","ping_status":"closed","template":"template-parts\/modules.php","meta":{"_acf_changed":false,"inline_featured_image":false,"footnotes":""},"class_list":["post-4330","page","type-page","status-publish","has-post-thumbnail","hentry"],"acf":[],"yoast_head":"<!-- This site is optimized with the Yoast SEO plugin v27.2 - https:\/\/yoast.com\/product\/yoast-seo-wordpress\/ -->\n<title>Blogs | Perfecta | Freidoras y Freidoras Profesionales<\/title>\n<meta name=\"description\" content=\"\u00bfTienes curiosidad por conocer las \u00faltimas novedades sobre las freidoras y paredes de cocci\u00f3n profesionales Perfecta? Sigue leyendo.\" \/>\n<meta name=\"robots\" content=\"index, follow, max-snippet:-1, max-image-preview:large, max-video-preview:-1\" \/>\n<link rel=\"canonical\" href=\"https:\/\/perfecta.nl\/es\/blogs\/\" \/>\n<meta property=\"og:locale\" content=\"es_ES\" \/>\n<meta property=\"og:type\" content=\"article\" \/>\n<meta property=\"og:title\" content=\"Blogs | Perfecta | Freidoras y Freidoras Profesionales\" \/>\n<meta property=\"og:description\" content=\"\u00bfTienes curiosidad por conocer las \u00faltimas novedades sobre las freidoras y paredes de cocci\u00f3n profesionales Perfecta? Sigue leyendo.\" \/>\n<meta property=\"og:url\" content=\"https:\/\/perfecta.nl\/es\/blogs\/\" \/>\n<meta property=\"og:site_name\" content=\"Perfecta\" \/>\n<meta property=\"article:modified_time\" content=\"2025-07-24T09:15:00+00:00\" \/>\n<meta property=\"og:image\" content=\"https:\/\/perfecta.nl\/wp-content\/uploads\/2022\/07\/Enegrie-investeringsaftrek-EIA.jpg\" \/>\n\t<meta property=\"og:image:width\" content=\"1000\" \/>\n\t<meta property=\"og:image:height\" content=\"665\" \/>\n\t<meta property=\"og:image:type\" content=\"image\/jpeg\" \/>\n<meta name=\"twitter:card\" content=\"summary_large_image\" \/>\n<meta name=\"twitter:label1\" content=\"Tiempo de lectura\" \/>\n\t<meta name=\"twitter:data1\" content=\"2 minutos\" \/>\n<script type=\"application\/ld+json\" class=\"yoast-schema-graph\">{\"@context\":\"https:\/\/schema.org\",\"@graph\":[{\"@type\":\"WebPage\",\"@id\":\"https:\/\/perfecta.nl\/es\/blogs\/\",\"url\":\"https:\/\/perfecta.nl\/es\/blogs\/\",\"name\":\"Blogs | Perfecta | Freidoras y Freidoras Profesionales\",\"isPartOf\":{\"@id\":\"https:\/\/perfecta.nl\/es\/#website\"},\"primaryImageOfPage\":{\"@id\":\"https:\/\/perfecta.nl\/es\/blogs\/#primaryimage\"},\"image\":{\"@id\":\"https:\/\/perfecta.nl\/es\/blogs\/#primaryimage\"},\"thumbnailUrl\":\"https:\/\/perfecta.nl\/wp-content\/uploads\/2022\/07\/Enegrie-investeringsaftrek-EIA.jpg\",\"datePublished\":\"2025-07-24T09:12:42+00:00\",\"dateModified\":\"2025-07-24T09:15:00+00:00\",\"description\":\"\u00bfTienes curiosidad por conocer las \u00faltimas novedades sobre las freidoras y paredes de cocci\u00f3n profesionales Perfecta? Sigue leyendo.\",\"breadcrumb\":{\"@id\":\"https:\/\/perfecta.nl\/es\/blogs\/#breadcrumb\"},\"inLanguage\":\"es\",\"potentialAction\":[{\"@type\":\"ReadAction\",\"target\":[\"https:\/\/perfecta.nl\/es\/blogs\/\"]}]},{\"@type\":\"ImageObject\",\"inLanguage\":\"es\",\"@id\":\"https:\/\/perfecta.nl\/es\/blogs\/#primaryimage\",\"url\":\"https:\/\/perfecta.nl\/wp-content\/uploads\/2022\/07\/Enegrie-investeringsaftrek-EIA.jpg\",\"contentUrl\":\"https:\/\/perfecta.nl\/wp-content\/uploads\/2022\/07\/Enegrie-investeringsaftrek-EIA.jpg\",\"width\":1000,\"height\":665,\"caption\":\"Enegrie investeringsaftrek (EIA)\"},{\"@type\":\"BreadcrumbList\",\"@id\":\"https:\/\/perfecta.nl\/es\/blogs\/#breadcrumb\",\"itemListElement\":[{\"@type\":\"ListItem\",\"position\":1,\"name\":\"Home\",\"item\":\"https:\/\/perfecta.nl\/es\/\"},{\"@type\":\"ListItem\",\"position\":2,\"name\":\"Blogs\"}]},{\"@type\":\"WebSite\",\"@id\":\"https:\/\/perfecta.nl\/es\/#website\",\"url\":\"https:\/\/perfecta.nl\/es\/\",\"name\":\"Perfecta\",\"description\":\"Bakwanden en frituurinstallaties\",\"publisher\":{\"@id\":\"https:\/\/perfecta.nl\/es\/#organization\"},\"potentialAction\":[{\"@type\":\"SearchAction\",\"target\":{\"@type\":\"EntryPoint\",\"urlTemplate\":\"https:\/\/perfecta.nl\/es\/?s={search_term_string}\"},\"query-input\":{\"@type\":\"PropertyValueSpecification\",\"valueRequired\":true,\"valueName\":\"search_term_string\"}}],\"inLanguage\":\"es\"},{\"@type\":\"Organization\",\"@id\":\"https:\/\/perfecta.nl\/es\/#organization\",\"name\":\"Perfecta\",\"url\":\"https:\/\/perfecta.nl\/es\/\",\"logo\":{\"@type\":\"ImageObject\",\"inLanguage\":\"es\",\"@id\":\"https:\/\/perfecta.nl\/es\/#\/schema\/logo\/image\/\",\"url\":\"https:\/\/perfecta.nl\/wp-content\/uploads\/2021\/03\/perfecta-logo.png\",\"contentUrl\":\"https:\/\/perfecta.nl\/wp-content\/uploads\/2021\/03\/perfecta-logo.png\",\"width\":449,\"height\":303,\"caption\":\"Perfecta\"},\"image\":{\"@id\":\"https:\/\/perfecta.nl\/es\/#\/schema\/logo\/image\/\"}}]}<\/script>\n<!-- \/ Yoast SEO plugin. -->","yoast_head_json":{"title":"Blogs | Perfecta | Freidoras y Freidoras Profesionales","description":"\u00bfTienes curiosidad por conocer las \u00faltimas novedades sobre las freidoras y paredes de cocci\u00f3n profesionales Perfecta? Sigue leyendo.","robots":{"index":"index","follow":"follow","max-snippet":"max-snippet:-1","max-image-preview":"max-image-preview:large","max-video-preview":"max-video-preview:-1"},"canonical":"https:\/\/perfecta.nl\/es\/blogs\/","og_locale":"es_ES","og_type":"article","og_title":"Blogs | Perfecta | Freidoras y Freidoras Profesionales","og_description":"\u00bfTienes curiosidad por conocer las \u00faltimas novedades sobre las freidoras y paredes de cocci\u00f3n profesionales Perfecta? Sigue leyendo.","og_url":"https:\/\/perfecta.nl\/es\/blogs\/","og_site_name":"Perfecta","article_modified_time":"2025-07-24T09:15:00+00:00","og_image":[{"width":1000,"height":665,"url":"https:\/\/perfecta.nl\/wp-content\/uploads\/2022\/07\/Enegrie-investeringsaftrek-EIA.jpg","type":"image\/jpeg"}],"twitter_card":"summary_large_image","twitter_misc":{"Tiempo de lectura":"2 minutos"},"schema":{"@context":"https:\/\/schema.org","@graph":[{"@type":"WebPage","@id":"https:\/\/perfecta.nl\/es\/blogs\/","url":"https:\/\/perfecta.nl\/es\/blogs\/","name":"Blogs | Perfecta | Freidoras y Freidoras Profesionales","isPartOf":{"@id":"https:\/\/perfecta.nl\/es\/#website"},"primaryImageOfPage":{"@id":"https:\/\/perfecta.nl\/es\/blogs\/#primaryimage"},"image":{"@id":"https:\/\/perfecta.nl\/es\/blogs\/#primaryimage"},"thumbnailUrl":"https:\/\/perfecta.nl\/wp-content\/uploads\/2022\/07\/Enegrie-investeringsaftrek-EIA.jpg","datePublished":"2025-07-24T09:12:42+00:00","dateModified":"2025-07-24T09:15:00+00:00","description":"\u00bfTienes curiosidad por conocer las \u00faltimas novedades sobre las freidoras y paredes de cocci\u00f3n profesionales Perfecta? Sigue leyendo.","breadcrumb":{"@id":"https:\/\/perfecta.nl\/es\/blogs\/#breadcrumb"},"inLanguage":"es","potentialAction":[{"@type":"ReadAction","target":["https:\/\/perfecta.nl\/es\/blogs\/"]}]},{"@type":"ImageObject","inLanguage":"es","@id":"https:\/\/perfecta.nl\/es\/blogs\/#primaryimage","url":"https:\/\/perfecta.nl\/wp-content\/uploads\/2022\/07\/Enegrie-investeringsaftrek-EIA.jpg","contentUrl":"https:\/\/perfecta.nl\/wp-content\/uploads\/2022\/07\/Enegrie-investeringsaftrek-EIA.jpg","width":1000,"height":665,"caption":"Enegrie investeringsaftrek (EIA)"},{"@type":"BreadcrumbList","@id":"https:\/\/perfecta.nl\/es\/blogs\/#breadcrumb","itemListElement":[{"@type":"ListItem","position":1,"name":"Home","item":"https:\/\/perfecta.nl\/es\/"},{"@type":"ListItem","position":2,"name":"Blogs"}]},{"@type":"WebSite","@id":"https:\/\/perfecta.nl\/es\/#website","url":"https:\/\/perfecta.nl\/es\/","name":"Perfecta","description":"Bakwanden en frituurinstallaties","publisher":{"@id":"https:\/\/perfecta.nl\/es\/#organization"},"potentialAction":[{"@type":"SearchAction","target":{"@type":"EntryPoint","urlTemplate":"https:\/\/perfecta.nl\/es\/?s={search_term_string}"},"query-input":{"@type":"PropertyValueSpecification","valueRequired":true,"valueName":"search_term_string"}}],"inLanguage":"es"},{"@type":"Organization","@id":"https:\/\/perfecta.nl\/es\/#organization","name":"Perfecta","url":"https:\/\/perfecta.nl\/es\/","logo":{"@type":"ImageObject","inLanguage":"es","@id":"https:\/\/perfecta.nl\/es\/#\/schema\/logo\/image\/","url":"https:\/\/perfecta.nl\/wp-content\/uploads\/2021\/03\/perfecta-logo.png","contentUrl":"https:\/\/perfecta.nl\/wp-content\/uploads\/2021\/03\/perfecta-logo.png","width":449,"height":303,"caption":"Perfecta"},"image":{"@id":"https:\/\/perfecta.nl\/es\/#\/schema\/logo\/image\/"}}]}},"_links":{"self":[{"href":"https:\/\/perfecta.nl\/es\/wp-json\/wp\/v2\/pages\/4330","targetHints":{"allow":["GET"]}}],"collection":[{"href":"https:\/\/perfecta.nl\/es\/wp-json\/wp\/v2\/pages"}],"about":[{"href":"https:\/\/perfecta.nl\/es\/wp-json\/wp\/v2\/types\/page"}],"author":[{"embeddable":true,"href":"https:\/\/perfecta.nl\/es\/wp-json\/wp\/v2\/users\/1"}],"replies":[{"embeddable":true,"href":"https:\/\/perfecta.nl\/es\/wp-json\/wp\/v2\/comments?post=4330"}],"version-history":[{"count":0,"href":"https:\/\/perfecta.nl\/es\/wp-json\/wp\/v2\/pages\/4330\/revisions"}],"wp:featuredmedia":[{"embeddable":true,"href":"https:\/\/perfecta.nl\/es\/wp-json\/wp\/v2\/media\/4300"}],"wp:attachment":[{"href":"https:\/\/perfecta.nl\/es\/wp-json\/wp\/v2\/media?parent=4330"}],"curies":[{"name":"wp","href":"https:\/\/api.w.org\/{rel}","templated":true}]}}