{"id":4026,"date":"2025-07-24T09:19:27","date_gmt":"2025-07-24T07:19:27","guid":{"rendered":"https:\/\/perfecta.nl\/transferencia-perfecta\/"},"modified":"2025-07-24T10:10:26","modified_gmt":"2025-07-24T08:10:26","slug":"perfecta-transfer","status":"publish","type":"page","link":"https:\/\/perfecta.nl\/es\/perfecta-transfer\/","title":{"rendered":"Perfecta Transfer"},"content":{"rendered":"","protected":false},"excerpt":{"rendered":"","protected":false},"author":1,"featured_media":0,"parent":0,"menu_order":0,"comment_status":"closed","ping_status":"closed","template":"template-parts\/modules.php","meta":{"_acf_changed":false,"inline_featured_image":false,"footnotes":""},"class_list":["post-4026","page","type-page","status-publish","hentry"],"acf":[],"yoast_head":"<!-- This site is optimized with the Yoast SEO plugin v27.2 - https:\/\/yoast.com\/product\/yoast-seo-wordpress\/ -->\n<title>Perfecta Transfer | Modelos | Freidora Profesional<\/title>\n<meta name=\"description\" content=\"La instalaci\u00f3n de fritura Perfecta Transfer es sin\u00f3nimo de m\u00e1xima calidad. Sus l\u00edneas compactas le confieren un aspecto elegante y potente.\" \/>\n<meta name=\"robots\" content=\"index, follow, max-snippet:-1, max-image-preview:large, max-video-preview:-1\" \/>\n<link rel=\"canonical\" href=\"https:\/\/perfecta.nl\/es\/perfecta-transfer\/\" \/>\n<meta property=\"og:locale\" content=\"es_ES\" \/>\n<meta property=\"og:type\" content=\"article\" \/>\n<meta property=\"og:title\" content=\"Perfecta Transfer | Modelos | Freidora Profesional\" \/>\n<meta property=\"og:description\" content=\"La instalaci\u00f3n de fritura Perfecta Transfer es sin\u00f3nimo de m\u00e1xima calidad. Sus l\u00edneas compactas le confieren un aspecto elegante y potente.\" \/>\n<meta property=\"og:url\" content=\"https:\/\/perfecta.nl\/es\/perfecta-transfer\/\" \/>\n<meta property=\"og:site_name\" content=\"Perfecta\" \/>\n<meta property=\"article:modified_time\" content=\"2025-07-24T08:10:26+00:00\" \/>\n<meta name=\"twitter:card\" content=\"summary_large_image\" \/>\n<meta name=\"twitter:label1\" content=\"Tiempo de lectura\" \/>\n\t<meta name=\"twitter:data1\" content=\"3 minutos\" \/>\n<script type=\"application\/ld+json\" class=\"yoast-schema-graph\">{\"@context\":\"https:\/\/schema.org\",\"@graph\":[{\"@type\":\"WebPage\",\"@id\":\"https:\/\/perfecta.nl\/es\/perfecta-transfer\/\",\"url\":\"https:\/\/perfecta.nl\/es\/perfecta-transfer\/\",\"name\":\"Perfecta Transfer | Modelos | Freidora Profesional\",\"isPartOf\":{\"@id\":\"https:\/\/perfecta.nl\/es\/#website\"},\"datePublished\":\"2025-07-24T07:19:27+00:00\",\"dateModified\":\"2025-07-24T08:10:26+00:00\",\"description\":\"La instalaci\u00f3n de fritura Perfecta Transfer es sin\u00f3nimo de m\u00e1xima calidad. Sus l\u00edneas compactas le confieren un aspecto elegante y potente.\",\"breadcrumb\":{\"@id\":\"https:\/\/perfecta.nl\/es\/perfecta-transfer\/#breadcrumb\"},\"inLanguage\":\"es\",\"potentialAction\":[{\"@type\":\"ReadAction\",\"target\":[\"https:\/\/perfecta.nl\/es\/perfecta-transfer\/\"]}]},{\"@type\":\"BreadcrumbList\",\"@id\":\"https:\/\/perfecta.nl\/es\/perfecta-transfer\/#breadcrumb\",\"itemListElement\":[{\"@type\":\"ListItem\",\"position\":1,\"name\":\"Home\",\"item\":\"https:\/\/perfecta.nl\/es\/\"},{\"@type\":\"ListItem\",\"position\":2,\"name\":\"Perfecta Transfer\"}]},{\"@type\":\"WebSite\",\"@id\":\"https:\/\/perfecta.nl\/es\/#website\",\"url\":\"https:\/\/perfecta.nl\/es\/\",\"name\":\"Perfecta\",\"description\":\"Bakwanden en frituurinstallaties\",\"publisher\":{\"@id\":\"https:\/\/perfecta.nl\/es\/#organization\"},\"potentialAction\":[{\"@type\":\"SearchAction\",\"target\":{\"@type\":\"EntryPoint\",\"urlTemplate\":\"https:\/\/perfecta.nl\/es\/?s={search_term_string}\"},\"query-input\":{\"@type\":\"PropertyValueSpecification\",\"valueRequired\":true,\"valueName\":\"search_term_string\"}}],\"inLanguage\":\"es\"},{\"@type\":\"Organization\",\"@id\":\"https:\/\/perfecta.nl\/es\/#organization\",\"name\":\"Perfecta\",\"url\":\"https:\/\/perfecta.nl\/es\/\",\"logo\":{\"@type\":\"ImageObject\",\"inLanguage\":\"es\",\"@id\":\"https:\/\/perfecta.nl\/es\/#\/schema\/logo\/image\/\",\"url\":\"https:\/\/perfecta.nl\/wp-content\/uploads\/2021\/03\/perfecta-logo.png\",\"contentUrl\":\"https:\/\/perfecta.nl\/wp-content\/uploads\/2021\/03\/perfecta-logo.png\",\"width\":449,\"height\":303,\"caption\":\"Perfecta\"},\"image\":{\"@id\":\"https:\/\/perfecta.nl\/es\/#\/schema\/logo\/image\/\"}}]}<\/script>\n<!-- \/ Yoast SEO plugin. -->","yoast_head_json":{"title":"Perfecta Transfer | Modelos | Freidora Profesional","description":"La instalaci\u00f3n de fritura Perfecta Transfer es sin\u00f3nimo de m\u00e1xima calidad. Sus l\u00edneas compactas le confieren un aspecto elegante y potente.","robots":{"index":"index","follow":"follow","max-snippet":"max-snippet:-1","max-image-preview":"max-image-preview:large","max-video-preview":"max-video-preview:-1"},"canonical":"https:\/\/perfecta.nl\/es\/perfecta-transfer\/","og_locale":"es_ES","og_type":"article","og_title":"Perfecta Transfer | Modelos | Freidora Profesional","og_description":"La instalaci\u00f3n de fritura Perfecta Transfer es sin\u00f3nimo de m\u00e1xima calidad. Sus l\u00edneas compactas le confieren un aspecto elegante y potente.","og_url":"https:\/\/perfecta.nl\/es\/perfecta-transfer\/","og_site_name":"Perfecta","article_modified_time":"2025-07-24T08:10:26+00:00","twitter_card":"summary_large_image","twitter_misc":{"Tiempo de lectura":"3 minutos"},"schema":{"@context":"https:\/\/schema.org","@graph":[{"@type":"WebPage","@id":"https:\/\/perfecta.nl\/es\/perfecta-transfer\/","url":"https:\/\/perfecta.nl\/es\/perfecta-transfer\/","name":"Perfecta Transfer | Modelos | Freidora Profesional","isPartOf":{"@id":"https:\/\/perfecta.nl\/es\/#website"},"datePublished":"2025-07-24T07:19:27+00:00","dateModified":"2025-07-24T08:10:26+00:00","description":"La instalaci\u00f3n de fritura Perfecta Transfer es sin\u00f3nimo de m\u00e1xima calidad. Sus l\u00edneas compactas le confieren un aspecto elegante y potente.","breadcrumb":{"@id":"https:\/\/perfecta.nl\/es\/perfecta-transfer\/#breadcrumb"},"inLanguage":"es","potentialAction":[{"@type":"ReadAction","target":["https:\/\/perfecta.nl\/es\/perfecta-transfer\/"]}]},{"@type":"BreadcrumbList","@id":"https:\/\/perfecta.nl\/es\/perfecta-transfer\/#breadcrumb","itemListElement":[{"@type":"ListItem","position":1,"name":"Home","item":"https:\/\/perfecta.nl\/es\/"},{"@type":"ListItem","position":2,"name":"Perfecta Transfer"}]},{"@type":"WebSite","@id":"https:\/\/perfecta.nl\/es\/#website","url":"https:\/\/perfecta.nl\/es\/","name":"Perfecta","description":"Bakwanden en frituurinstallaties","publisher":{"@id":"https:\/\/perfecta.nl\/es\/#organization"},"potentialAction":[{"@type":"SearchAction","target":{"@type":"EntryPoint","urlTemplate":"https:\/\/perfecta.nl\/es\/?s={search_term_string}"},"query-input":{"@type":"PropertyValueSpecification","valueRequired":true,"valueName":"search_term_string"}}],"inLanguage":"es"},{"@type":"Organization","@id":"https:\/\/perfecta.nl\/es\/#organization","name":"Perfecta","url":"https:\/\/perfecta.nl\/es\/","logo":{"@type":"ImageObject","inLanguage":"es","@id":"https:\/\/perfecta.nl\/es\/#\/schema\/logo\/image\/","url":"https:\/\/perfecta.nl\/wp-content\/uploads\/2021\/03\/perfecta-logo.png","contentUrl":"https:\/\/perfecta.nl\/wp-content\/uploads\/2021\/03\/perfecta-logo.png","width":449,"height":303,"caption":"Perfecta"},"image":{"@id":"https:\/\/perfecta.nl\/es\/#\/schema\/logo\/image\/"}}]}},"_links":{"self":[{"href":"https:\/\/perfecta.nl\/es\/wp-json\/wp\/v2\/pages\/4026","targetHints":{"allow":["GET"]}}],"collection":[{"href":"https:\/\/perfecta.nl\/es\/wp-json\/wp\/v2\/pages"}],"about":[{"href":"https:\/\/perfecta.nl\/es\/wp-json\/wp\/v2\/types\/page"}],"author":[{"embeddable":true,"href":"https:\/\/perfecta.nl\/es\/wp-json\/wp\/v2\/users\/1"}],"replies":[{"embeddable":true,"href":"https:\/\/perfecta.nl\/es\/wp-json\/wp\/v2\/comments?post=4026"}],"version-history":[{"count":0,"href":"https:\/\/perfecta.nl\/es\/wp-json\/wp\/v2\/pages\/4026\/revisions"}],"wp:attachment":[{"href":"https:\/\/perfecta.nl\/es\/wp-json\/wp\/v2\/media?parent=4026"}],"curies":[{"name":"wp","href":"https:\/\/api.w.org\/{rel}","templated":true}]}}